{"id":1258,"date":"2022-11-10T18:04:07","date_gmt":"2022-11-10T17:04:07","guid":{"rendered":"https:\/\/kosmistoria.com\/product\/kosmistoria-classic-trucker-cap-for-women\/"},"modified":"2025-01-07T21:13:52","modified_gmt":"2025-01-07T20:13:52","slug":"kosmistoria-classic-trucker-cap-for-women","status":"publish","type":"product","link":"https:\/\/kosmistoria.com\/de\/produkt\/kosmistoria-classic-trucker-cap-for-women\/","title":{"rendered":"Kosmistoria\u00ae &#8211; women classic cap"},"content":{"rendered":"<h5>Kosmistoria\u00ae &#8211; women classic trucker cap &#8211; for outdoor activities &#8211; \u00a0for gift and accessories<\/h5>\n<p>Diese sechsteilige Trucker-Kappe mit Mesh-R\u00fcckseite ist eine bequeme und klassische Wahl, um deinen Stil zu vervollst\u00e4ndigen.<\/p>\n<p>\u2022 60 % Baumwolle, 40 % Polyester<br \/>\n\u2022 Mid-Profile, Stickbereich in Low-Profile<br \/>\n\u2022 Strukturiert, 6-Panel<br \/>\n\u2022 Krone: 8,9 cm<br \/>\n\u2022 Hartes Steifleinen f\u00fcr Front-Paneele<br \/>\n\u2022 Mesh-R\u00fcckseite<br \/>\n\u2022 Permacurv\u00ae Schirm, Schirmunterseite angepasst<br \/>\n\u2022 Verstellbarer Kunststoffverschluss<br \/>\n\u2022 Kopfumfang: 54,9 cm - 60 cm<br \/>\n\u2022 Rohprodukt bezogen aus Vietnam oder Bangladesch<\/p>\n<p>\u2022 Gedruckt in Europa**<\/p>\n<p>**Dieses Produkt wird direkt nach deiner Bestellung speziell f\u00fcr dich angefertigt, weshalb wir etwas l\u00e4nger brauchen, um es dir zu liefern. Die Herstellung von Produkten nach Bedarf statt in gro\u00dfen Mengen tr\u00e4gt dazu bei, die \u00dcberproduktion zu reduzieren. Vielen Dank, dass du durchdachte Kaufentscheidungen triffst!<\/p>","protected":false},"excerpt":{"rendered":"<h5>Lassen Sie uns die Nachricht verbreiten, Teil von Kosmistoria\u00ae zu sein!<\/h5>\n<h5>W\u00e4hle unsere klassische Kappe f\u00fcr deine Outdoor-Aktivit\u00e4ten oder einfach als Accessoire, weil sie cool und stylisch ist.<\/h5>","protected":false},"featured_media":1263,"comment_status":"open","ping_status":"closed","template":"","meta":[],"product_brand":[],"product_cat":[50],"product_tag":[],"class_list":{"0":"post-1258","1":"product","2":"type-product","3":"status-publish","4":"has-post-thumbnail","6":"product_cat-our-caps","7":"col-md-6 col-sm-6","9":"first","10":"instock","11":"taxable","12":"shipping-taxable","13":"purchasable","14":"product-type-variable"},"aioseo_notices":[],"_links":{"self":[{"href":"https:\/\/kosmistoria.com\/de\/wp-json\/wp\/v2\/product\/1258","targetHints":{"allow":["GET"]}}],"collection":[{"href":"https:\/\/kosmistoria.com\/de\/wp-json\/wp\/v2\/product"}],"about":[{"href":"https:\/\/kosmistoria.com\/de\/wp-json\/wp\/v2\/types\/product"}],"replies":[{"embeddable":true,"href":"https:\/\/kosmistoria.com\/de\/wp-json\/wp\/v2\/comments?post=1258"}],"wp:featuredmedia":[{"embeddable":true,"href":"https:\/\/kosmistoria.com\/de\/wp-json\/wp\/v2\/media\/1263"}],"wp:attachment":[{"href":"https:\/\/kosmistoria.com\/de\/wp-json\/wp\/v2\/media?parent=1258"}],"wp:term":[{"taxonomy":"product_brand","embeddable":true,"href":"https:\/\/kosmistoria.com\/de\/wp-json\/wp\/v2\/product_brand?post=1258"},{"taxonomy":"product_cat","embeddable":true,"href":"https:\/\/kosmistoria.com\/de\/wp-json\/wp\/v2\/product_cat?post=1258"},{"taxonomy":"product_tag","embeddable":true,"href":"https:\/\/kosmistoria.com\/de\/wp-json\/wp\/v2\/product_tag?post=1258"}],"curies":[{"name":"wp","href":"https:\/\/api.w.org\/{rel}","templated":true}]}}