{"id":2601,"date":"2023-07-16T15:20:55","date_gmt":"2023-07-16T14:20:55","guid":{"rendered":"https:\/\/kosmistoria.com\/product\/kosmistoria-mens-t-shirt-hiver-2\/"},"modified":"2024-09-24T00:19:15","modified_gmt":"2024-09-23T23:19:15","slug":"kosmistoria-mens-t-shirt-hiver-2","status":"publish","type":"product","link":"https:\/\/kosmistoria.com\/de\/produkt\/kosmistoria-mens-t-shirt-hiver-2\/","title":{"rendered":"Kosmistoria\u00ae \u2013men\u2019s t-shirt \u2013 Hiver"},"content":{"rendered":"<h5>Kosmistoria &#8211; unisex t-shirt &#8211; 100% organic cotton &#8211; unique design &#8211; Winter<\/h5>\n<p>Made from 100% organic ring-spun cotton, this unisex t-shirt is a total must-have. The Medium fit with finished hems and a round neckline, it\u2019s ready to pair with all your favourite outfits. It\u2019s high-quality, super comfy, and best of all \u2013 it\u2019s eco-friendly.<br \/>\n\u2022 100 % organische, ringgesponnene Baumwolle<br \/>\n\u2022 Stoffgewicht: 180 g\/m\u00b2<br \/>\n\u2022 Single Jersey<br \/>\n\u2022 Medium-Fit<br \/>\n\u2022 Eingesetzte \u00c4rmel<br \/>\n\u2022 1\u00d71 Ripp am Kragen<br \/>\n\u2022 Breite Doppelnadel-Steppn\u00e4hte an den \u00c4rmeln und unteren S\u00e4umen<br \/>\n\u2022 Abgesetzter Kragenansatz (innen, im Nacken)<br \/>\n\u2022 Rohprodukt bezogen aus China oder aus Bangladesch<br \/>\nEs ist ein normales Unisex-T-Shirt. Die Gr\u00f6\u00dfen entsprechen einer kleineren Gr\u00f6\u00dfe auf dem US-Markt, daher sollten US-Kunden eine Nummer gr\u00f6\u00dfer bestellen.<br \/>\nDieses Produkt wird direkt nach deiner Bestellung speziell f\u00fcr dich angefertigt, weshalb wir etwas l\u00e4nger brauchen, um es dir zu liefern. Die Herstellung von Produkten nach Bedarf statt in gro\u00dfen Mengen tr\u00e4gt dazu bei, die \u00dcberproduktion zu reduzieren. Vielen Dank, dass du durchdachte Kaufentscheidungen triffst!<\/p>","protected":false},"excerpt":{"rendered":"<h5>Unsere authentischen Designs zeigen Lebensgeschichten: unsere Geschichten.<\/h5>\n<h5>W\u00e4hle dieses, wenn du dich damit identifizierst.<\/h5>\n<h5>Die Menschen in deiner Umgebung k\u00f6nnen sich auch darauf beziehen und sich mit dir verbunden f\u00fchlen.<\/h5>","protected":false},"featured_media":2614,"comment_status":"open","ping_status":"closed","template":"","meta":[],"product_brand":[],"product_cat":[123],"product_tag":[],"class_list":{"0":"post-2601","1":"product","2":"type-product","3":"status-publish","4":"has-post-thumbnail","6":"product_cat-winter-design-for-men","7":"col-md-6 col-sm-6","9":"first","10":"instock","11":"taxable","12":"shipping-taxable","13":"purchasable","14":"product-type-variable"},"aioseo_notices":[],"_links":{"self":[{"href":"https:\/\/kosmistoria.com\/de\/wp-json\/wp\/v2\/product\/2601","targetHints":{"allow":["GET"]}}],"collection":[{"href":"https:\/\/kosmistoria.com\/de\/wp-json\/wp\/v2\/product"}],"about":[{"href":"https:\/\/kosmistoria.com\/de\/wp-json\/wp\/v2\/types\/product"}],"replies":[{"embeddable":true,"href":"https:\/\/kosmistoria.com\/de\/wp-json\/wp\/v2\/comments?post=2601"}],"wp:featuredmedia":[{"embeddable":true,"href":"https:\/\/kosmistoria.com\/de\/wp-json\/wp\/v2\/media\/2614"}],"wp:attachment":[{"href":"https:\/\/kosmistoria.com\/de\/wp-json\/wp\/v2\/media?parent=2601"}],"wp:term":[{"taxonomy":"product_brand","embeddable":true,"href":"https:\/\/kosmistoria.com\/de\/wp-json\/wp\/v2\/product_brand?post=2601"},{"taxonomy":"product_cat","embeddable":true,"href":"https:\/\/kosmistoria.com\/de\/wp-json\/wp\/v2\/product_cat?post=2601"},{"taxonomy":"product_tag","embeddable":true,"href":"https:\/\/kosmistoria.com\/de\/wp-json\/wp\/v2\/product_tag?post=2601"}],"curies":[{"name":"wp","href":"https:\/\/api.w.org\/{rel}","templated":true}]}}