{"id":2825,"date":"2023-07-17T18:34:39","date_gmt":"2023-07-17T17:34:39","guid":{"rendered":"https:\/\/kosmistoria.com\/product\/kosmistoria-kids-t-shirt-hiver-2\/"},"modified":"2024-09-24T00:16:06","modified_gmt":"2024-09-23T23:16:06","slug":"kosmistoria-kids-t-shirt-hiver-2","status":"publish","type":"product","link":"https:\/\/kosmistoria.com\/de\/produkt\/kosmistoria-kids-t-shirt-hiver-2\/","title":{"rendered":"Kosmistoria\u00ae &#8211; kids t-shirt &#8211; Hiver"},"content":{"rendered":"<h5>Kosmistoria \u2013 Kinder T-Shirt - 100 % Bio-Baumwolle - einzigartiges Design \u2013 Winter<\/h5>\n<p>Schenke deinen Kindern ein s\u00fc\u00dfes, super bequemes T-Shirt aus nat\u00fcrlichen Stoffen! Dieses T-Shirt aus 100 % Bio-Baumwolle wird sicher ihr Lieblingsst\u00fcck!<\/p>\n<p>\u2022 100 % organische, ringgesponnene Baumwolle<br \/>\n\u2022 Stoffgewicht: 180 g\/m\u00b2<br \/>\n\u2022 Single Jersey<br \/>\n\u2022 Medium-Fit<br \/>\n\u2022 Eingesetzte \u00c4rmel<br \/>\n\u2022 1\u00d71 Ripp am Kragen<br \/>\n\u2022 Schmale Doppelnadel-Steppn\u00e4hte an den \u00c4rmeln und unteren S\u00e4umen<br \/>\n\u2022 Abgesetzter Kragenansatz (innen, im Nacken)<br \/>\n\u2022 Rohprodukt bezogen aus Bangladesch<\/p>\n<p>Dieses Produkt wird direkt nach deiner Bestellung speziell f\u00fcr dich angefertigt, weshalb wir etwas l\u00e4nger brauchen, um es dir zu liefern. Die Herstellung von Produkten nach Bedarf statt in gro\u00dfen Mengen tr\u00e4gt dazu bei, die \u00dcberproduktion zu reduzieren. Vielen Dank, dass du durchdachte Kaufentscheidungen triffst!<\/p>","protected":false},"excerpt":{"rendered":"<h5>Unsere authentischen Designs zeigen Lebensgeschichten: unsere Geschichten.<\/h5>\n<h5>Teile sie mit deinen Kindern.<\/h5>\n<h5>W\u00e4hle dieses, wenn du dich damit identifizierst.<\/h5>","protected":false},"featured_media":2839,"comment_status":"open","ping_status":"closed","template":"","meta":[],"product_brand":[],"product_cat":[129],"product_tag":[],"class_list":{"0":"post-2825","1":"product","2":"type-product","3":"status-publish","4":"has-post-thumbnail","6":"product_cat-winter-design-for-kids","7":"col-md-6 col-sm-6","9":"first","10":"instock","11":"taxable","12":"shipping-taxable","13":"purchasable","14":"product-type-variable"},"aioseo_notices":[],"_links":{"self":[{"href":"https:\/\/kosmistoria.com\/de\/wp-json\/wp\/v2\/product\/2825","targetHints":{"allow":["GET"]}}],"collection":[{"href":"https:\/\/kosmistoria.com\/de\/wp-json\/wp\/v2\/product"}],"about":[{"href":"https:\/\/kosmistoria.com\/de\/wp-json\/wp\/v2\/types\/product"}],"replies":[{"embeddable":true,"href":"https:\/\/kosmistoria.com\/de\/wp-json\/wp\/v2\/comments?post=2825"}],"wp:featuredmedia":[{"embeddable":true,"href":"https:\/\/kosmistoria.com\/de\/wp-json\/wp\/v2\/media\/2839"}],"wp:attachment":[{"href":"https:\/\/kosmistoria.com\/de\/wp-json\/wp\/v2\/media?parent=2825"}],"wp:term":[{"taxonomy":"product_brand","embeddable":true,"href":"https:\/\/kosmistoria.com\/de\/wp-json\/wp\/v2\/product_brand?post=2825"},{"taxonomy":"product_cat","embeddable":true,"href":"https:\/\/kosmistoria.com\/de\/wp-json\/wp\/v2\/product_cat?post=2825"},{"taxonomy":"product_tag","embeddable":true,"href":"https:\/\/kosmistoria.com\/de\/wp-json\/wp\/v2\/product_tag?post=2825"}],"curies":[{"name":"wp","href":"https:\/\/api.w.org\/{rel}","templated":true}]}}