{"id":3139,"date":"2024-10-27T12:05:12","date_gmt":"2024-10-27T11:05:12","guid":{"rendered":"https:\/\/kosmistoria.com\/product\/kosmistoria-notebook-cloudy-grey\/"},"modified":"2025-07-08T18:52:08","modified_gmt":"2025-07-08T17:52:08","slug":"kosmistoria-notebook-cloudy-grey","status":"publish","type":"product","link":"https:\/\/kosmistoria.com\/de\/produkt\/kosmistoria-notebook-cloudy-grey\/","title":{"rendered":"Kosmistoria\u00ae \u2013 Tagebuch \u2013 Cloudy Grey"},"content":{"rendered":"<h5>Kosmistoria\u00ae - Notizbuch - Journal - Tagebuch - Pers\u00f6nliche Entwicklung - Mehrzweckgeschenk - <a href=\"https:\/\/kosmistoria.com\/de\/sad\/\">Schtoumpie\u00a9 ist traurig<\/a><\/h5>\n<p>Ein sch\u00f6nes Notizbuch kann dir die Motivation geben, mehr Notizen zu machen, Ideen aufzuschreiben oder Zukunftstr\u00e4ume festzuhalten. Durch die punktierten Seiten ist es vielseitig einsetzbar. Ob Tagebuch, Notizbuch oder Zeichenblock, es wird jedem Bedarf gerecht. Dieses drahtgebundene Notizbuch ist der beste Begleiter, wenn du deine Gedanken zu Papier bringen willst!<\/p>\n<p class=\"translation-block\">\u2022 Einband mit einer Softtouch-Beschichtung\n\u2022 Metalldraht-Bindung\n\u2022 140 gepunktete Seiten\n\u2022 Umschlaggewicht: 352 g\/m\u00b2 (10,38 oz\/yd\u00b2)\n\u2022 Seitengewicht: 2,62 oz\/yd\u00b2 (89 g\/m\u00b2)\n\u2022 US-Notizb\u00fccher haben die Ma\u00dfe 13 \u00d7 21 cm (5,5\u2033 \u00d7 8,5\u2033)\n\u2022 In der EU gefertigte Notizb\u00fccher haben die Ma\u00dfe 14,5 \u00d7 21 cm (5,7\u2033 \u00d7 8,5\u2033)\n\u2022 Rohprodukt aus den USA und Schweden<\/p>\n<p>Dieses Produkt wird direkt nach deiner Bestellung speziell f\u00fcr dich angefertigt, weshalb wir etwas l\u00e4nger brauchen, um es dir zu liefern. Die Herstellung von Produkten nach Bedarf statt in gro\u00dfen Mengen tr\u00e4gt dazu bei, die \u00dcberproduktion zu reduzieren. Vielen Dank, dass du durchdachte Kaufentscheidungen triffst!<\/p>","protected":false},"excerpt":{"rendered":"<p class=\"translation-block\"><strong>Schreib deine traurigen Momente auf<\/strong>. Wie das Wetter, kann auch das Leben von Zeit zu Zeit tr\u00fcbe sein. Von einem kleinen Regenschauer bis zu einem gro\u00dfen Wirbelsturm. Aber danach kommt immer die Sonne am blauen Himmel. <strong>Erinnerst du dich<\/strong> also an diese sonnigen guten Tage, die <strong>guten Erinnerungen<\/strong>. Sie sollten nie verblassen. <strong>Halte an ihnen fest<\/strong>!<\/p>","protected":false},"featured_media":3153,"comment_status":"open","ping_status":"closed","template":"","meta":[],"product_brand":[],"product_cat":[130],"product_tag":[],"class_list":{"0":"post-3139","1":"product","2":"type-product","3":"status-publish","4":"has-post-thumbnail","6":"product_cat-our-journals","7":"col-md-6 col-sm-6","9":"first","10":"instock","11":"taxable","12":"shipping-taxable","13":"purchasable","14":"product-type-simple"},"aioseo_notices":[],"_links":{"self":[{"href":"https:\/\/kosmistoria.com\/de\/wp-json\/wp\/v2\/product\/3139","targetHints":{"allow":["GET"]}}],"collection":[{"href":"https:\/\/kosmistoria.com\/de\/wp-json\/wp\/v2\/product"}],"about":[{"href":"https:\/\/kosmistoria.com\/de\/wp-json\/wp\/v2\/types\/product"}],"replies":[{"embeddable":true,"href":"https:\/\/kosmistoria.com\/de\/wp-json\/wp\/v2\/comments?post=3139"}],"wp:featuredmedia":[{"embeddable":true,"href":"https:\/\/kosmistoria.com\/de\/wp-json\/wp\/v2\/media\/3153"}],"wp:attachment":[{"href":"https:\/\/kosmistoria.com\/de\/wp-json\/wp\/v2\/media?parent=3139"}],"wp:term":[{"taxonomy":"product_brand","embeddable":true,"href":"https:\/\/kosmistoria.com\/de\/wp-json\/wp\/v2\/product_brand?post=3139"},{"taxonomy":"product_cat","embeddable":true,"href":"https:\/\/kosmistoria.com\/de\/wp-json\/wp\/v2\/product_cat?post=3139"},{"taxonomy":"product_tag","embeddable":true,"href":"https:\/\/kosmistoria.com\/de\/wp-json\/wp\/v2\/product_tag?post=3139"}],"curies":[{"name":"wp","href":"https:\/\/api.w.org\/{rel}","templated":true}]}}