{"id":3302,"date":"2025-01-07T22:55:52","date_gmt":"2025-01-07T21:55:52","guid":{"rendered":"https:\/\/kosmistoria.com\/?post_type=product&#038;p=3302"},"modified":"2025-02-09T01:41:55","modified_gmt":"2025-02-09T00:41:55","slug":"kosmistoria-natural-soothing-cream-aie-ouille-ouch","status":"publish","type":"product","link":"https:\/\/kosmistoria.com\/de\/produkt\/kosmistoria-natural-soothing-cream-aie-ouille-ouch\/","title":{"rendered":"Kosmistoria\u00ae-Nat\u00fcrliche Salbe-Beruhigend-A\u00efe! Ouille! Ouch!"},"content":{"rendered":"<h5>Kosmistoria\u00ae-Soothing Balm-15ml-Natural-Cream-Healing properties-with Lavender essential oil-Bee wax-Olive oil-Multipurpose gift-<a href=\"https:\/\/kosmistoria.com\/de\/when-its-aie-ouille-ouch\/\">Design A\u00efe!Ouille!Ouch!<\/a><\/h5>\n<p>Jeder braucht unbedingt eine Salbe, die viele Wunden heilt.<\/p>\n<p>Wenn du diese Salbe direkt nach Schnitten, Verbrennungen, Stichen oder Bissen auf deine Haut auftr\u00e4gst, hilfst du deiner Haut dabei, reibungslos und schmerzfrei zu heilen. Auch deine Lippen werden es dir danken, wenn du regelm\u00e4\u00dfig etwas davon auftr\u00e4gst.<\/p>\n<p>Dieses haben wir \u00fcberall dabei. Auch im Auto ist immer eines dabei. Und jeder von uns hat eines in der Tasche.<\/p>\n<p>Jeder ist selbst in der Lage, seine Haut in Ruhe und Gelassenheit zu beruhigen und zu heilen, indem er die Kraft der Natur nutzt.<\/p>\n<p><strong>DIE ZUTATEN<\/strong><\/p>\n<p>Bienenwachs: Ein Geschenk der Natur.<\/p>\n<p>Oliven\u00f6l: Es ist eines der besten Hautpflege \u00d6le.<\/p>\n<p>\u00c4therisches \u00d6l: Nutzt die aktiven Heilkr\u00e4fte der Pflanze.<\/p>\n<p>Lavendel: Neben ihren beruhigenden und heilenden Eigenschaften, ist sie auch eine entz\u00fcndungshemmende, antibakterielle, antivirale und antiinfekti\u00f6se Pflanze.<\/p>\n<p>Liebe: Und nat\u00fcrlich ist die Salbe mit viel Liebe gemacht!<\/p>\n<p>Sie sch\u00fctzt dich das ganze Jahr.<\/p>\n<p><strong>ANWENDUNG<\/strong><\/p>\n<p>Direkt nach dem Insektenstich gro\u00dfz\u00fcgig auftragen.<\/p>\n<p>Einreibung \u00f6fter erneuern  f\u00fcr eine schnellere Heilung.<\/p>\n<p>Um besser zu schlafen, reibe etwas Creme auf den Nasenbereich und die Innenseiten der Handgelenke.<\/p>\n<p>Andere Verwendungszwecke: Heilung von Verbrennungen, Schnitten, Stichen, Kratzern, Pickeln, trockenen Lippen, usw.<\/p>","protected":false},"excerpt":{"rendered":"<p class=\"translation-block\"><strong>Diese Salbe tr\u00e4gst du auf<\/strong>, wenn du <strong>\u201eA\u00efe! Ouille! Ouch!\u201c<\/strong> versp\u00fcrst, d. h. du hast einen <strong>Kratzer<\/strong>, <strong>eine Verbrennung<\/strong>, einen <strong>Schnitt<\/strong>, einen <strong>Stich<\/strong>, einen <strong>Biss<\/strong> oder <strong>trockene Lippen<\/strong> usw.<\/p>\n<p class=\"translation-block\">Unsere <strong>selbstgemachte beruhigende Salbe<\/strong>, auf Basis <strong>nat\u00fcrlicher Inhaltsstoffe<\/strong>, wie beispielsweise dem <strong>\u00e4therischen Lavendel\u00f6l<\/strong>, ist <strong>ein beruhigender und unterst\u00fctzender Begleiter<\/strong> f\u00fcr deinen <strong>Alltag<\/strong>.<\/p>","protected":false},"featured_media":3303,"comment_status":"open","ping_status":"closed","template":"","meta":[],"product_brand":[],"product_cat":[134],"product_tag":[],"class_list":{"0":"post-3302","1":"product","2":"type-product","3":"status-publish","4":"has-post-thumbnail","6":"product_cat-our-natural-balms","7":"col-md-6 col-sm-6","9":"first","10":"instock","11":"taxable","12":"shipping-taxable","13":"purchasable","14":"product-type-simple"},"aioseo_notices":[],"_links":{"self":[{"href":"https:\/\/kosmistoria.com\/de\/wp-json\/wp\/v2\/product\/3302","targetHints":{"allow":["GET"]}}],"collection":[{"href":"https:\/\/kosmistoria.com\/de\/wp-json\/wp\/v2\/product"}],"about":[{"href":"https:\/\/kosmistoria.com\/de\/wp-json\/wp\/v2\/types\/product"}],"replies":[{"embeddable":true,"href":"https:\/\/kosmistoria.com\/de\/wp-json\/wp\/v2\/comments?post=3302"}],"wp:featuredmedia":[{"embeddable":true,"href":"https:\/\/kosmistoria.com\/de\/wp-json\/wp\/v2\/media\/3303"}],"wp:attachment":[{"href":"https:\/\/kosmistoria.com\/de\/wp-json\/wp\/v2\/media?parent=3302"}],"wp:term":[{"taxonomy":"product_brand","embeddable":true,"href":"https:\/\/kosmistoria.com\/de\/wp-json\/wp\/v2\/product_brand?post=3302"},{"taxonomy":"product_cat","embeddable":true,"href":"https:\/\/kosmistoria.com\/de\/wp-json\/wp\/v2\/product_cat?post=3302"},{"taxonomy":"product_tag","embeddable":true,"href":"https:\/\/kosmistoria.com\/de\/wp-json\/wp\/v2\/product_tag?post=3302"}],"curies":[{"name":"wp","href":"https:\/\/api.w.org\/{rel}","templated":true}]}}