{"id":3312,"date":"2025-01-07T23:42:56","date_gmt":"2025-01-07T22:42:56","guid":{"rendered":"https:\/\/kosmistoria.com\/?post_type=product&#038;p=3312"},"modified":"2025-02-09T01:40:48","modified_gmt":"2025-02-09T00:40:48","slug":"kosmistoria-natural-revitalizing-balm-pfff","status":"publish","type":"product","link":"https:\/\/kosmistoria.com\/de\/produkt\/kosmistoria-natural-revitalizing-balm-pfff\/","title":{"rendered":"Kosmistoria\u00ae-Nat\u00fcrliche Salbe-Immunst\u00e4rkend-Pfff..."},"content":{"rendered":"<h5>Kosmistoria\u00ae-Revitalizing Balm-30ml-Natural-Cream-Healing properties-with Ravintsara essential oil-Bee wax-Olive oil-Multipurpose gift-<a href=\"https:\/\/kosmistoria.com\/de\/when-you-feel-like-pfff\/\">Design Pfff&#8230;<\/a><\/h5>\n<p>Dies ist eine Salbe mit einem erfrischenden Eukalyptusduft, der deine Wunden auf fast wundersame Weise heilt. Wer k\u00f6nnte das nicht brauchen?<\/p>\n<p>Es kann hilfreich sein, etwas davon aufzutragen, wenn du die ersten Grippesymptome versp\u00fcrst. Und eine Massage der verspannten Stelle ist eine der besten M\u00f6glichkeiten, sie zu heilen.<\/p>\n<p>Jeder kann seine Wunden selbst heilen, indem er nat\u00fcrliche Produkte verwendet. Wir k\u00f6nnen definitiv sagen, dass die Natur eine heilende Kraft hat. Und wir alle k\u00f6nnen sie nutzen!<\/p>\n<p><strong>DIE ZUTATEN<\/strong><\/p>\n<p>Bienenwachs: Ein Geschenk der Natur.<\/p>\n<p>Oliven\u00f6l: Es ist eines der besten Hautpflege \u00d6le.<\/p>\n<p>\u00c4therisches \u00d6l: Nutzt die aktiven Heilkr\u00e4fte der Pflanze.<\/p>\n<p>Ravintsara: bedeutet \u201egutes Blatt\u201c. Er gilt als Medizinbaum f\u00fcr viele Krankheiten. Er wird zur Vorbeugung und Behandlung viraler Atemwegsinfektionen verwendet.<\/p>\n<p>Lavendel: Neben ihren beruhigenden und heilenden Eigenschaften, ist sie auch eine entz\u00fcndungshemmende, antibakterielle, antivirale und antiinfekti\u00f6se Pflanze.<\/p>\n<p>Liebe: Und nat\u00fcrlich ist die Salbe mit viel Liebe gemacht!<\/p>\n<p><strong>EMPFOHLEN F\u00dcR:<\/strong><\/p>\n<p>St\u00e4rkung des Immunsystems<\/p>\n<p>eine klare Atmung<\/p>\n<p>mehr Konzentration<\/p>\n<p>aufmunternd u. ermutigend<\/p>\n<p>Muskeln entspannend<\/p>\n<p>M\u00fcdigkeit lindernd<\/p>\n<p><strong>ANWENDUNG<\/strong><\/p>\n<p>Reibe etwas Creme auf den Nasenbereich und die Innenseiten der Handgelenke.<\/p>\n<p>Trage etwas Creme auf die verspannte Stelle auf und massiere sie einige Minuten lang ein.<\/p>\n<p>Trage etwas Creme auf den Nacken und den oberen R\u00fccken auf, und massiere sie einige Minuten lang ein.<\/p>\n<p>Trage etwas Creme auf den Nacken und den oberen R\u00fccken auf, und massiere sie einige Minuten lang ein.<\/p>\n<p>Regelm\u00e4\u00dfig und bei den ersten Symptomen anwenden.<\/p>","protected":false},"excerpt":{"rendered":"<p class=\"translation-block\"><strong>Diese Salbe tr\u00e4gst du auf<\/strong>, wenn du dich <strong>\u201ePfff\u2026\u201c<\/strong> f\u00fchlst, Gef\u00fchl auf, also bei <strong>Ersch\u00f6pfung<\/strong> oder bei <strong>Verspannungen<\/strong> im <strong>Nacken- und Schulterbereich<\/strong>.<\/p>\n<p class=\"translation-block\">Unsere <strong>selbstgemachte immunst\u00e4rkende Salbe<\/strong>, auf Basis <strong>nat\u00fcrlicher Inhaltsstoffe<\/strong>, wie dem <strong>\u00e4therischen Ravintsara-\u00d6l<\/strong>, ist ein <strong>wertvolles Mittel zur Heilung<\/strong> deiner <strong>K\u00f6rperschmerzen<\/strong>.<\/p>","protected":false},"featured_media":3357,"comment_status":"open","ping_status":"closed","template":"","meta":[],"product_brand":[],"product_cat":[134],"product_tag":[],"class_list":{"0":"post-3312","1":"product","2":"type-product","3":"status-publish","4":"has-post-thumbnail","6":"product_cat-our-natural-balms","7":"col-md-6 col-sm-6","9":"first","10":"instock","11":"taxable","12":"shipping-taxable","13":"purchasable","14":"product-type-simple"},"aioseo_notices":[],"_links":{"self":[{"href":"https:\/\/kosmistoria.com\/de\/wp-json\/wp\/v2\/product\/3312","targetHints":{"allow":["GET"]}}],"collection":[{"href":"https:\/\/kosmistoria.com\/de\/wp-json\/wp\/v2\/product"}],"about":[{"href":"https:\/\/kosmistoria.com\/de\/wp-json\/wp\/v2\/types\/product"}],"replies":[{"embeddable":true,"href":"https:\/\/kosmistoria.com\/de\/wp-json\/wp\/v2\/comments?post=3312"}],"wp:featuredmedia":[{"embeddable":true,"href":"https:\/\/kosmistoria.com\/de\/wp-json\/wp\/v2\/media\/3357"}],"wp:attachment":[{"href":"https:\/\/kosmistoria.com\/de\/wp-json\/wp\/v2\/media?parent=3312"}],"wp:term":[{"taxonomy":"product_brand","embeddable":true,"href":"https:\/\/kosmistoria.com\/de\/wp-json\/wp\/v2\/product_brand?post=3312"},{"taxonomy":"product_cat","embeddable":true,"href":"https:\/\/kosmistoria.com\/de\/wp-json\/wp\/v2\/product_cat?post=3312"},{"taxonomy":"product_tag","embeddable":true,"href":"https:\/\/kosmistoria.com\/de\/wp-json\/wp\/v2\/product_tag?post=3312"}],"curies":[{"name":"wp","href":"https:\/\/api.w.org\/{rel}","templated":true}]}}