{"id":3318,"date":"2025-01-08T00:16:18","date_gmt":"2025-01-07T23:16:18","guid":{"rendered":"https:\/\/kosmistoria.com\/?post_type=product&#038;p=3318"},"modified":"2025-02-09T01:39:43","modified_gmt":"2025-02-09T00:39:43","slug":"kosmistoria-natural-balm-60ml-mosquito-repellent-bzzz","status":"publish","type":"product","link":"https:\/\/kosmistoria.com\/de\/produkt\/kosmistoria-natural-balm-60ml-mosquito-repellent-bzzz\/","title":{"rendered":"Kosmistoria\u00ae \u2013 Nat\u00fcrliche Salbe \u2013 Insektenabwehr \u2013 Bzzz \u2026"},"content":{"rendered":"<h5>Kosmistoria\u00ae-Mosquito Repellent Balm-60ml-Natural-Cream-Healing properties-with selected essential oils-Bee wax-Olive oil-Multipurpose gift-<a href=\"https:\/\/kosmistoria.com\/de\/when-you-hear-bzzz\/\">Design Bzzz&#8230;<\/a><\/h5>\n<p>Es gibt viele M\u00f6glichkeiten, M\u00fcckenstiche zu vermeiden. Eine davon ist, vor dem Grillabend beispielsweise Insektenschutz Salbe aufzutragen. Der Duft des \u00e4therischen \u00d6ls schreckt die M\u00fccken ab und macht dich zu ihrem letzten Opfer des Abends :)<\/p>\n<p>Jeder kann sich selbst vor M\u00fcckenstichen sch\u00fctzen, indem er einen nat\u00fcrlichen Balsam verwendet. Das ist eine wirksame Methode.<\/p>\n<p><strong>DIE ZUTATEN<\/strong><\/p>\n<p>Bienenwachs: Ein Geschenk der Natur.<\/p>\n<p>Oliven\u00f6l: Es ist eines der besten Hautpflege \u00d6le.<\/p>\n<p>\u00c4therisches \u00d6l: Nutzt die aktiven Heilkr\u00e4fte der Pflanze.<\/p>\n<p>Zitronengras: Neben den kulinarischen und  medizinischen Verwendungen ist es f\u00fcr seine insektenabwehrenden Eigenschaften bekannt.<\/p>\n<p>Lavendel: Neben ihren beruhigenden und heilenden Eigenschaften, ist sie eine  antibakterielle, antivirale und insektenabwehrende Pflanze.<\/p>\n<p>Teebaum: Sein antiseptisches und antibakterielles \u00d6l beruhigt gereizte Haut.<\/p>\n<p>Die Mischung mit Lavendel und Zitronengras verst\u00e4rkt die abweisende Wirkung.<\/p>\n<p>Liebe: Und nat\u00fcrlich ist die Salbe mit viel Liebe gemacht!<\/p>\n<p><strong>ANWENDUNG<\/strong><\/p>\n<p>Sie ist empfohlen, um den Sommer richtig zu genie\u00dfen.<\/p>\n<p>Gleich nach dem Schwimmen, Baden oder Duschen benutzen.<\/p>\n<p>Vor der Abendfeier, Grillparty oder dem Spaziergang im Wald auf die Haut auftragen.<\/p>\n<p>Einreibung \u00f6fter erneuern f\u00fcr einen besseren Schutz.<\/p>","protected":false},"excerpt":{"rendered":"<p class=\"translation-block\"><strong>Diese Salbe tr\u00e4gst du auf<\/strong>, <strong>bevor<\/strong> du <strong>\u201eBzzz\u2026\u201c<\/strong> h\u00f6rst, das hei\u00dft, <strong>bevor die M\u00fccken kommen und dich erwischen<\/strong>.<\/p>\n<p class=\"translation-block\">Unsere <strong>selbstgemachte Insektenabwehr Salbe<\/strong>, auf Basis <strong>nat\u00fcrlicher Inhaltsstoffe<\/strong>, wie den <strong>\u00e4therischen \u00d6len<\/strong> von <strong>Zitronengras und Lavendel<\/strong> ist ein <strong>Muss<\/strong>, wenn du die <strong>warmen Tage besser genie\u00dfen m\u00f6chtest<\/strong>.<\/p>","protected":false},"featured_media":3319,"comment_status":"open","ping_status":"closed","template":"","meta":[],"product_brand":[],"product_cat":[134],"product_tag":[],"class_list":{"0":"post-3318","1":"product","2":"type-product","3":"status-publish","4":"has-post-thumbnail","6":"product_cat-our-natural-balms","7":"col-md-6 col-sm-6","9":"first","10":"instock","11":"taxable","12":"shipping-taxable","13":"purchasable","14":"product-type-simple"},"aioseo_notices":[],"_links":{"self":[{"href":"https:\/\/kosmistoria.com\/de\/wp-json\/wp\/v2\/product\/3318","targetHints":{"allow":["GET"]}}],"collection":[{"href":"https:\/\/kosmistoria.com\/de\/wp-json\/wp\/v2\/product"}],"about":[{"href":"https:\/\/kosmistoria.com\/de\/wp-json\/wp\/v2\/types\/product"}],"replies":[{"embeddable":true,"href":"https:\/\/kosmistoria.com\/de\/wp-json\/wp\/v2\/comments?post=3318"}],"wp:featuredmedia":[{"embeddable":true,"href":"https:\/\/kosmistoria.com\/de\/wp-json\/wp\/v2\/media\/3319"}],"wp:attachment":[{"href":"https:\/\/kosmistoria.com\/de\/wp-json\/wp\/v2\/media?parent=3318"}],"wp:term":[{"taxonomy":"product_brand","embeddable":true,"href":"https:\/\/kosmistoria.com\/de\/wp-json\/wp\/v2\/product_brand?post=3318"},{"taxonomy":"product_cat","embeddable":true,"href":"https:\/\/kosmistoria.com\/de\/wp-json\/wp\/v2\/product_cat?post=3318"},{"taxonomy":"product_tag","embeddable":true,"href":"https:\/\/kosmistoria.com\/de\/wp-json\/wp\/v2\/product_tag?post=3318"}],"curies":[{"name":"wp","href":"https:\/\/api.w.org\/{rel}","templated":true}]}}