{"id":3387,"date":"2025-02-02T12:43:46","date_gmt":"2025-02-02T11:43:46","guid":{"rendered":"https:\/\/kosmistoria.com\/product\/kosmistoria-sport-bag-life-in-green\/"},"modified":"2025-02-09T01:46:09","modified_gmt":"2025-02-09T00:46:09","slug":"kosmistoria-sport-bag-life-in-green","status":"publish","type":"product","link":"https:\/\/kosmistoria.com\/de\/produkt\/kosmistoria-sport-bag-life-in-green\/","title":{"rendered":"Kosmistoria\u00ae \u2013 Sporttasche \u2013 Life in Green"},"content":{"rendered":"<h5>Kosmistoria\u00ae \u2013 Sporttasche \u2013 Turnbeutel \u2013 Fitnesstasche \u2013 <a href=\"https:\/\/kosmistoria.com\/de\/scared\/\">Schtoumpie\u00a9 hat Angst<\/a><\/h5>\n<p>Bereit, fit zu bleiben? Verleihe deinen Trainingseinheiten etwas Schwung mit unserer einzigartig gestalteten Tasche. Diese Tasche aus 100 % Polyester und robustem, wasserabweisendem Stoff vereint Spa\u00df und Funktion. Und sie hat zus\u00e4tzliche Taschen!<\/p>\n<p class=\"translation-block\">\u2022 Wasserdicht und langlebig<br>\n\u2022 Robustes Material mit verst\u00e4rkter Unterseite f\u00fcr mehr Stabilit\u00e4t<br>\n\u2022 T-Piping f\u00fcr Stabilit\u00e4t<br>\n\u2022 Dual gepolsterte Griffe<br>\n\u2022 Innentasche f\u00fcr Wertsachen <br>\n\u2022 100 % Polyester<br>\n\u2022 Stoffgewicht : 305 g\/m\u00b2 (9 oz\/yd\u00b2)<br>\n\u2022 F\u00fcllmenge: 30 l (7,93 Gallonen)<\/p>\n<p>Dieses Produkt wird direkt nach deiner Bestellung speziell f\u00fcr dich angefertigt, weshalb wir etwas l\u00e4nger brauchen, um es dir zu liefern. Die Herstellung von Produkten nach Bedarf statt in gro\u00dfen Mengen tr\u00e4gt dazu bei, die \u00dcberproduktion zu reduzieren. Vielen Dank, dass du durchdachte Kaufentscheidungen triffst!<\/p>\n<p class=\"translation-block\">\u2022 R\u00fcckverfolgbarkeit:<br>\n- Weben \u2013 China<br>\n- F\u00e4rben \u2013 China<br>\n- Herstellung \u2013 Lettland oder Mexiko<br>\n\u2022 Enth\u00e4lt 0 % recyceltes Polyester<br>\n\u2022 Enth\u00e4lt 0 % gef\u00e4hrliche Stoffe<br>\n\u2022 Dieser Artikel setzt beim Waschen Mikrofasern aus Kunststoff in die Umwelt frei<\/p>\n<p>Altersbeschr\u00e4nkung: F\u00fcr Erwachsene<br \/>\nEU-Garantie: 2 Jahre<br \/>\nWeitere Konformit\u00e4tsinformationen: Erf\u00fcllt die Anforderungen hinsichtlich Entflammbarkeit und Blei, Cadmium, Bisphenolen und Phthalaten.<\/p>\n<p class=\"translation-block\">In \u00dcbereinstimmung mit der Allgemeinen Produktsicherheitsverordnung (GPSR) stellen <b>Kosmistoria\u00ae<\/b> und <b>SINDEN VENTURES LIMITED<\/b> sicher, dass alle angebotenen Verbraucherprodukte sicher sind und den EU-Standards entsprechen. Bei Fragen oder Bedenken zur Produktsicherheit wenden Sie sich bitte an unseren EU-Vertreter unter <b>gpsr@sindenventures.com<\/b>. Sie k\u00f6nnen uns auch schreiben an <b>Dorfstrasse 3, 4303 St. Pantaleon-Erla, \u00d6sterreich<\/b> oder <b> Markou Evgenikou 11, Mesa Geitonia, 4002, Limassol, Zypern.<b><\/b><\/b><\/p>","protected":false},"excerpt":{"rendered":"<p class=\"translation-block\">Erinnere dich und die anderen daran, dass jeder seine \u00c4ngste \u00fcberwinden kann. <strong>Das Leben in Gr\u00fcn<\/strong> ist ein endloses Wachstum. Wir wachsen jeden Tag.<\/p>","protected":false},"featured_media":3466,"comment_status":"open","ping_status":"closed","template":"","meta":[],"product_brand":[],"product_cat":[132],"product_tag":[],"class_list":{"0":"post-3387","1":"product","2":"type-product","3":"status-publish","4":"has-post-thumbnail","6":"product_cat-our-sport-bags","7":"col-md-6 col-sm-6","9":"first","10":"instock","11":"taxable","12":"shipping-taxable","13":"purchasable","14":"product-type-simple"},"aioseo_notices":[],"_links":{"self":[{"href":"https:\/\/kosmistoria.com\/de\/wp-json\/wp\/v2\/product\/3387","targetHints":{"allow":["GET"]}}],"collection":[{"href":"https:\/\/kosmistoria.com\/de\/wp-json\/wp\/v2\/product"}],"about":[{"href":"https:\/\/kosmistoria.com\/de\/wp-json\/wp\/v2\/types\/product"}],"replies":[{"embeddable":true,"href":"https:\/\/kosmistoria.com\/de\/wp-json\/wp\/v2\/comments?post=3387"}],"wp:featuredmedia":[{"embeddable":true,"href":"https:\/\/kosmistoria.com\/de\/wp-json\/wp\/v2\/media\/3466"}],"wp:attachment":[{"href":"https:\/\/kosmistoria.com\/de\/wp-json\/wp\/v2\/media?parent=3387"}],"wp:term":[{"taxonomy":"product_brand","embeddable":true,"href":"https:\/\/kosmistoria.com\/de\/wp-json\/wp\/v2\/product_brand?post=3387"},{"taxonomy":"product_cat","embeddable":true,"href":"https:\/\/kosmistoria.com\/de\/wp-json\/wp\/v2\/product_cat?post=3387"},{"taxonomy":"product_tag","embeddable":true,"href":"https:\/\/kosmistoria.com\/de\/wp-json\/wp\/v2\/product_tag?post=3387"}],"curies":[{"name":"wp","href":"https:\/\/api.w.org\/{rel}","templated":true}]}}