{"id":349,"date":"2021-12-15T22:49:29","date_gmt":"2021-12-15T21:49:29","guid":{"rendered":"https:\/\/kosmistoria.com\/?post_type=product&#038;p=349"},"modified":"2025-02-09T01:37:59","modified_gmt":"2025-02-09T00:37:59","slug":"kosmistoria-thermal-bottle-run","status":"publish","type":"product","link":"https:\/\/kosmistoria.com\/de\/produkt\/kosmistoria-thermal-bottle-run\/","title":{"rendered":"Kosmistoria\u00ae Thermoflasche - Laufen"},"content":{"rendered":"<h5>Kosmistoria\u00ae - Wiederverwendbare Thermoflasche - Kaffee-, Tee- und Wasserbecher - 500 ml - Isolierbecher - 360\u00b0-Trinkdeckel - \u00d6ffnen mit einem Klick - 100 % auslaufsicher - BPA-frei -  Edelstahl - Mehrzweckgeschenk - <a href=\"https:\/\/kosmistoria.com\/de\/run\/\">Design Laufen<\/a><\/h5>\n<p>Du genie\u00dft die Einhand-\u00d6ffnungs- und Schlie\u00dffunktion mit dieser wiederverwendbaren Thermoflasche von Kosmistoria\u00ae, beim Arbeiten, Fahren, Training, Reisen oder einfach nur zum Chillen. Der 360\u00b0-Trinkdeckel macht es dir leichter, du musst nicht nach der ge\u00f6ffneten Stelle suchen und die Flasche umdrehen! Einfach klicken und trinken! Augen zu, jeder kann es!<\/p>\n<p>Er besteht aus doppelwandigem Edelstahl, der dein Getr\u00e4nk bis zu 24 Stunden kalt und etwa 12 Stunden hei\u00df h\u00e4lt. Es eignet sich f\u00fcr Kaffee- und Teeliebhaber, f\u00fcr Wasser oder jedes Getr\u00e4nk, das du magst. Das robuste Design und die exklusive Form unserer Flasche machen sie vielseitig einsetzbar. Wir sind alle einzigartig und wir werden die Flasche f\u00fcr verschiedene Zwecke verwenden.<\/p>\n<p>Das fr\u00f6hliche Design wird dir und den Menschen um dich herum, ein L\u00e4cheln ins Gesicht zaubern. Und als Bonus hat der Deckel obendrein eine Spiegelfunktion, f\u00fcr die Selbstverliebten!<\/p>\n<ul>\n<li>Einzigartiges Kosmistoria-Design: Laufen. Laufen. Immer Laufen.<\/li>\n<li>Wiederverwendbare Thermoflasche<\/li>\n<li>Ein-Klick-Deckel \u00f6ffnen, schlie\u00dfen, 360\u00b0-Trink\u00f6ffnung<\/li>\n<li>100 % BPA-frei<\/li>\n<li>Praktisch f\u00fcr alle Aktivit\u00e4ten: Sport, Arbeit, Reisen, Entspannung usw.<\/li>\n<li>Perfekt f\u00fcr alle Getr\u00e4nke: Kaffee, Tee, Wasser usw.<\/li>\n<li>Passend f\u00fcr die meisten Getr\u00e4nkehalter<\/li>\n<li>Spiegelfunktion als Bonus<\/li>\n<li>Doppelwandiger Edelstahl 304: h\u00e4lt bis zu 12 Stunden warm und 18 bis 24 Stunden kalt<\/li>\n<li>Fassungsverm\u00f6gen 500 ml<\/li>\n<li>Nur Handw\u00e4sche<\/li>\n<li>Wiederverwertbare, unverwechselbare Verpackung<\/li>\n<\/ul>","protected":false},"excerpt":{"rendered":"<h5>Das aufgedruckte, fr\u00f6hliche Design erinnert uns alle an die Lebensgeschichte.<\/h5>\n<h5>Entscheide dich daf\u00fcr, mit unserer Ein-Klick-\u00d6ffnen-Schlie\u00dfen-360\u00b0-Trinkdeckelflasche hydriert zu bleiben.<\/h5>\n<h5>Sie ist isoliert und perfekt geeignet f\u00fcr alle deine Getr\u00e4nke und Aktivit\u00e4ten.<\/h5>","protected":false},"featured_media":939,"comment_status":"open","ping_status":"closed","template":"","meta":[],"product_brand":[],"product_cat":[57],"product_tag":[],"class_list":{"0":"post-349","1":"product","2":"type-product","3":"status-publish","4":"has-post-thumbnail","6":"product_cat-life-edition","7":"col-md-6 col-sm-6","9":"first","10":"instock","11":"taxable","12":"shipping-taxable","13":"purchasable","14":"product-type-simple"},"aioseo_notices":[],"_links":{"self":[{"href":"https:\/\/kosmistoria.com\/de\/wp-json\/wp\/v2\/product\/349","targetHints":{"allow":["GET"]}}],"collection":[{"href":"https:\/\/kosmistoria.com\/de\/wp-json\/wp\/v2\/product"}],"about":[{"href":"https:\/\/kosmistoria.com\/de\/wp-json\/wp\/v2\/types\/product"}],"replies":[{"embeddable":true,"href":"https:\/\/kosmistoria.com\/de\/wp-json\/wp\/v2\/comments?post=349"}],"wp:featuredmedia":[{"embeddable":true,"href":"https:\/\/kosmistoria.com\/de\/wp-json\/wp\/v2\/media\/939"}],"wp:attachment":[{"href":"https:\/\/kosmistoria.com\/de\/wp-json\/wp\/v2\/media?parent=349"}],"wp:term":[{"taxonomy":"product_brand","embeddable":true,"href":"https:\/\/kosmistoria.com\/de\/wp-json\/wp\/v2\/product_brand?post=349"},{"taxonomy":"product_cat","embeddable":true,"href":"https:\/\/kosmistoria.com\/de\/wp-json\/wp\/v2\/product_cat?post=349"},{"taxonomy":"product_tag","embeddable":true,"href":"https:\/\/kosmistoria.com\/de\/wp-json\/wp\/v2\/product_tag?post=349"}],"curies":[{"name":"wp","href":"https:\/\/api.w.org\/{rel}","templated":true}]}}