{"id":3520,"date":"2025-02-09T11:49:28","date_gmt":"2025-02-09T10:49:28","guid":{"rendered":"https:\/\/kosmistoria.com\/product\/kosmistoria-unisex-tank-top-our-planet-earth\/"},"modified":"2025-02-15T00:41:35","modified_gmt":"2025-02-14T23:41:35","slug":"kosmistoria-unisex-tank-top-our-planet-earth","status":"publish","type":"product","link":"https:\/\/kosmistoria.com\/de\/produkt\/kosmistoria-unisex-tank-top-our-planet-earth\/","title":{"rendered":"Kosmistoria\u00ae \u2013 Unisex Tank Top \u2013 blau \u2013 Unser Planet Erde"},"content":{"rendered":"<h5>Kosmistoria\u00ae \u2013 Unisex Tank Top \u2013 Damen Tank Top \u2013 Herren Tank Top \u2013 blau\u2013 100% Bio-Baumwolle \u2013 einzigartiges Design \u2013 <a href=\"https:\/\/kosmistoria.com\/de\/our-planet-earth\/\">Unser Planet Erde<\/a><\/h5>\n<p>Ein klassisches und essenzielles Tank-Top. Ein zeitloser Klassiker f\u00fcr alle, die Wert auf Qualit\u00e4t und Weichheit legen, in Kombination mit der \u00dcbermittlung einer Botschaft an die Welt.<\/p>\n<p>\u2022 Gr\u00f6\u00dfe: XS-2XL<\/p>\n<p class=\"translation-block\">\u2022 100 % gek\u00e4mmte und ringgesponnene Baumwolle<br>\n\u2022 Tri-Blends sind 50 % Polyester, 25 % gek\u00e4mmte, ringgesponnene Baumwolle, 25 % Viskose<br>\n\u2022 Stoffgewicht: 142,4 g\/m\u00b2, Triblends: 90,07 g\/m\u00b2<br>\n\u2022 30 Einzelfadengewicht<br>\n\u2022 Seitenn\u00e4hte<br>\n\u2022 Rohprodukt bezogen aus Nicaragua, Honduras oder den USA<\/p>\n<p>Dieses Produkt wird direkt nach deiner Bestellung speziell f\u00fcr dich angefertigt, weshalb wir etwas l\u00e4nger brauchen, um es dir zu liefern. Die Herstellung von Produkten nach Bedarf statt in gro\u00dfen Mengen tr\u00e4gt dazu bei, die \u00dcberproduktion zu reduzieren. Vielen Dank, dass du durchdachte Kaufentscheidungen triffst!<\/p>\n<p>Altersbeschr\u00e4nkung: F\u00fcr Erwachsene<br \/>\nEU-Garantie: 2 Jahre<br \/>\nWeitere Konformit\u00e4tsinformationen: Erf\u00fcllt die Anforderungen an die Entflammbarkeitsstufe.<\/p>\n<p class=\"translation-block\">In \u00dcbereinstimmung mit der Allgemeinen Produktsicherheitsverordnung (GPSR) stellen <b>Kosmistoria\u00ae<\/b> und <b>SINDEN VENTURES LIMITED<\/b> sicher, dass alle angebotenen Verbraucherprodukte sicher sind und den EU-Standards entsprechen. Bei Fragen oder Bedenken zur Produktsicherheit wenden Sie sich bitte an unseren EU-Vertreter unter <b>gpsr@sindenventures.com<\/b>. Sie k\u00f6nnen uns auch schreiben an <b>Dorfstrasse 3, 4303 St. Pantaleon-Erla, \u00d6sterreich<\/b> oder <b> Markou Evgenikou 11, Mesa Geitonia, 4002, Limassol, Zypern.<b><\/b><\/b><\/p>","protected":false},"excerpt":{"rendered":"<h5><strong>Unsere authentischen Designs zeigen Lebensgeschichten: unsere Geschichten. Eines davon betrifft unseren Planeten.<\/strong><\/h5>\n<h5><strong>W\u00e4hle dieses, wenn du dich damit identifizierst.<\/strong><\/h5>\n<h5><strong>Die Menschen in deiner Umgebung k\u00f6nnen sich auch darauf beziehen und sich mit dir verbunden f\u00fchlen.<\/strong><\/h5>","protected":false},"featured_media":3557,"comment_status":"open","ping_status":"closed","template":"","meta":[],"product_brand":[],"product_cat":[138],"product_tag":[],"class_list":{"0":"post-3520","1":"product","2":"type-product","3":"status-publish","4":"has-post-thumbnail","6":"product_cat-our-tank-tops","7":"col-md-6 col-sm-6","9":"first","10":"instock","11":"taxable","12":"shipping-taxable","13":"purchasable","14":"product-type-variable"},"aioseo_notices":[],"_links":{"self":[{"href":"https:\/\/kosmistoria.com\/de\/wp-json\/wp\/v2\/product\/3520","targetHints":{"allow":["GET"]}}],"collection":[{"href":"https:\/\/kosmistoria.com\/de\/wp-json\/wp\/v2\/product"}],"about":[{"href":"https:\/\/kosmistoria.com\/de\/wp-json\/wp\/v2\/types\/product"}],"replies":[{"embeddable":true,"href":"https:\/\/kosmistoria.com\/de\/wp-json\/wp\/v2\/comments?post=3520"}],"wp:featuredmedia":[{"embeddable":true,"href":"https:\/\/kosmistoria.com\/de\/wp-json\/wp\/v2\/media\/3557"}],"wp:attachment":[{"href":"https:\/\/kosmistoria.com\/de\/wp-json\/wp\/v2\/media?parent=3520"}],"wp:term":[{"taxonomy":"product_brand","embeddable":true,"href":"https:\/\/kosmistoria.com\/de\/wp-json\/wp\/v2\/product_brand?post=3520"},{"taxonomy":"product_cat","embeddable":true,"href":"https:\/\/kosmistoria.com\/de\/wp-json\/wp\/v2\/product_cat?post=3520"},{"taxonomy":"product_tag","embeddable":true,"href":"https:\/\/kosmistoria.com\/de\/wp-json\/wp\/v2\/product_tag?post=3520"}],"curies":[{"name":"wp","href":"https:\/\/api.w.org\/{rel}","templated":true}]}}