{"id":21,"date":"2021-04-07T08:22:05","date_gmt":"2021-04-07T08:22:05","guid":{"rendered":"https:\/\/kosmistoria.com\/?page_id=21"},"modified":"2023-04-02T11:17:55","modified_gmt":"2023-04-02T10:17:55","slug":"home","status":"publish","type":"page","link":"https:\/\/kosmistoria.com\/es\/","title":{"rendered":"Home"},"content":{"rendered":"<h4>\n\t\tWhat does &#8220;Kosmistoria&#8221; mean?\n\t<\/h4>\n\t<p>Vivimos en un mundo carente de comprensi\u00f3n y compasi\u00f3n. La gente sonr\u00ede menos, se r\u00ede menos. \u00a1Muchos de nosotros perdimos la peque\u00f1a chispa que una vez pudo encender la dinamita de la risa en nosotros! Estamos desconectados de nosotros mismos y, por lo tanto, de todo lo que nos rodea. Necesitamos volver a conectarnos, a sentir de nuevo.<\/p>\n<p><a href=\"https:\/\/kosmistoria.com\/es\/the-origin\/\">Kosmistoria\u00a9<\/a>\u00a0significa la historia del mundo, lo que significa la historia de todos nosotros. En efecto, hay innumerables historias que nos conectan. Podemos, por ejemplo, relacionarnos con los dem\u00e1s cuando nos cuentan sus historias, que nos recuerdan que nosotros vivimos lo mismo. O cuando vemos personas en la misma situaci\u00f3n que nosotros hace unos d\u00edas, semanas, meses o a\u00f1os. Simplemente los entendemos profundamente. Los sentimos. Estamos instant\u00e1neamente conectados y cerca de ellos.<\/p>\n<p>Thus, Kosmistoria\u00a9\u00a0would help us recognize that we are all connected in some way. The feeling of being connected brings us closer, because what could be more natural than taking care of those we consider our loved ones? Wouldn&#8217;t it be wonderful if each of us cared a bit more about everything around us? We&#8217;d care for the World, because this is our world and we&#8217;re a part of it. That is Kosmistoria!<\/p>\n<p>&nbsp;<\/p>\n\t\t\t\t<img decoding=\"async\" src=\"https:\/\/kosmistoria.com\/wp-content\/uploads\/2022\/07\/Kosmistoria-Homepage-800x800.jpg\" alt=\"Kosmistoria-Homepage\" itemprop=\"image\" title=\"Kosmistoria-Homepage\" onerror=\"this.style.display='none'\"  \/>\n\t\t<h3>\u00bfQu\u00e9 nos espera? <\/h3>\n\t\t\t<a href=\"https:\/\/kosmistoria.com\/es\/our-mission\/\" target=\"_self\" role=\"button\" rel=\"noopener\">\n\t\t\t\t\t\t\tSaber m\u00e1s\n\t\t\t\t\t<\/a>","protected":false},"excerpt":{"rendered":"<p>What does &#8220;Kosmistoria&#8221; mean? We are living in a world lacking of understanding and compassion. [&hellip;]<\/p>\n","protected":false},"author":1,"featured_media":0,"parent":0,"menu_order":0,"comment_status":"closed","ping_status":"closed","template":"","meta":{"footnotes":""},"class_list":{"0":"post-21","1":"page","2":"type-page","3":"status-publish","5":"col-md-6 col-sm-6"},"aioseo_notices":[],"_links":{"self":[{"href":"https:\/\/kosmistoria.com\/es\/wp-json\/wp\/v2\/pages\/21","targetHints":{"allow":["GET"]}}],"collection":[{"href":"https:\/\/kosmistoria.com\/es\/wp-json\/wp\/v2\/pages"}],"about":[{"href":"https:\/\/kosmistoria.com\/es\/wp-json\/wp\/v2\/types\/page"}],"author":[{"embeddable":true,"href":"https:\/\/kosmistoria.com\/es\/wp-json\/wp\/v2\/users\/1"}],"replies":[{"embeddable":true,"href":"https:\/\/kosmistoria.com\/es\/wp-json\/wp\/v2\/comments?post=21"}],"version-history":[{"count":160,"href":"https:\/\/kosmistoria.com\/es\/wp-json\/wp\/v2\/pages\/21\/revisions"}],"predecessor-version":[{"id":2094,"href":"https:\/\/kosmistoria.com\/es\/wp-json\/wp\/v2\/pages\/21\/revisions\/2094"}],"wp:attachment":[{"href":"https:\/\/kosmistoria.com\/es\/wp-json\/wp\/v2\/media?parent=21"}],"curies":[{"name":"wp","href":"https:\/\/api.w.org\/{rel}","templated":true}]}}