{"id":1258,"date":"2022-11-10T18:04:07","date_gmt":"2022-11-10T17:04:07","guid":{"rendered":"https:\/\/kosmistoria.com\/product\/kosmistoria-classic-trucker-cap-for-women\/"},"modified":"2025-01-07T21:13:52","modified_gmt":"2025-01-07T20:13:52","slug":"kosmistoria-classic-trucker-cap-for-women","status":"publish","type":"product","link":"https:\/\/kosmistoria.com\/es\/producto\/kosmistoria-classic-trucker-cap-for-women\/","title":{"rendered":"Kosmistoria\u00ae &#8211; women classic cap"},"content":{"rendered":"<h5>Kosmistoria\u00ae &#8211; women classic trucker cap &#8211; for outdoor activities &#8211; \u00a0for gift and accessories<\/h5>\n<p>Esta gorra de camionero de seis paneles con parte posterior de malla ser\u00e1 una opci\u00f3n c\u00f3moda y cl\u00e1sica para completar tu estilo.<\/p>\n<p>\u2022 47% algod\u00f3n, 25% poli\u00e9ster, 28% nailon (*El porcentaje podr\u00eda variar ligeramente entre gorras.)<br \/>\n\u2022 Corona media<br \/>\n\u2022 Estructurada de 6 paneles<br \/>\n\u2022 Corona de 9 cm (3 \u00bd\")<br \/>\n\u2022 Paneles frontales con refuerzo de tela r\u00edgida<br \/>\n\u2022 Parte posterior de rejilla<br \/>\n\u2022 Visera curva Permacurv y parte inferior del mismo color<br \/>\n\u2022 Cierre ajustable de pl\u00e1stico<br \/>\n\u2022 Circunferencia de la cabeza: 55-60 cm (21 \u215d\u201d-23 \u215d\u201d)<br \/>\n\u2022 Producto en blanco procedente de Vietnam o Bangladesh<\/p>\n<p>\u2022 Impreso en Europa**<\/p>\n<p>**Este producto est\u00e1 hecho especialmente para ti tan pronto como realiza un pedido, por lo que tardamos un poco m\u00e1s en entreg\u00e1rselo. Hacer productos a pedido en lugar de a granel ayuda a reducir la sobreproducci\u00f3n, \u00a1as\u00ed que gracias por tomar decisiones de compra bien pensadas!<\/p>","protected":false},"excerpt":{"rendered":"<h5>\u00a1Corramos la voz de ser parte de Kosmistoria\u00ae!<\/h5>\n<h5>Elige nuestra gorra cl\u00e1sica para tus actividades al aire libre o simplemente como accesorio porque es genial y elegante.<\/h5>","protected":false},"featured_media":1263,"comment_status":"open","ping_status":"closed","template":"","meta":[],"product_brand":[],"product_cat":[50],"product_tag":[],"class_list":{"0":"post-1258","1":"product","2":"type-product","3":"status-publish","4":"has-post-thumbnail","6":"product_cat-our-caps","7":"col-md-6 col-sm-6","9":"first","10":"instock","11":"taxable","12":"shipping-taxable","13":"purchasable","14":"product-type-variable"},"aioseo_notices":[],"_links":{"self":[{"href":"https:\/\/kosmistoria.com\/es\/wp-json\/wp\/v2\/product\/1258","targetHints":{"allow":["GET"]}}],"collection":[{"href":"https:\/\/kosmistoria.com\/es\/wp-json\/wp\/v2\/product"}],"about":[{"href":"https:\/\/kosmistoria.com\/es\/wp-json\/wp\/v2\/types\/product"}],"replies":[{"embeddable":true,"href":"https:\/\/kosmistoria.com\/es\/wp-json\/wp\/v2\/comments?post=1258"}],"wp:featuredmedia":[{"embeddable":true,"href":"https:\/\/kosmistoria.com\/es\/wp-json\/wp\/v2\/media\/1263"}],"wp:attachment":[{"href":"https:\/\/kosmistoria.com\/es\/wp-json\/wp\/v2\/media?parent=1258"}],"wp:term":[{"taxonomy":"product_brand","embeddable":true,"href":"https:\/\/kosmistoria.com\/es\/wp-json\/wp\/v2\/product_brand?post=1258"},{"taxonomy":"product_cat","embeddable":true,"href":"https:\/\/kosmistoria.com\/es\/wp-json\/wp\/v2\/product_cat?post=1258"},{"taxonomy":"product_tag","embeddable":true,"href":"https:\/\/kosmistoria.com\/es\/wp-json\/wp\/v2\/product_tag?post=1258"}],"curies":[{"name":"wp","href":"https:\/\/api.w.org\/{rel}","templated":true}]}}