{"id":2416,"date":"2023-07-15T14:43:55","date_gmt":"2023-07-15T13:43:55","guid":{"rendered":"https:\/\/kosmistoria.com\/product\/kosmistoria-womens-t-shirt-winter-2\/"},"modified":"2024-09-24T00:20:58","modified_gmt":"2024-09-23T23:20:58","slug":"kosmistoria-womens-t-shirt-winter-2","status":"publish","type":"product","link":"https:\/\/kosmistoria.com\/es\/producto\/kosmistoria-womens-t-shirt-winter-2\/","title":{"rendered":"Kosmistoria\u00ae \u2013 women\u2019s  t-shirt \u2013 Winter"},"content":{"rendered":"<h5>Kosmistoria &#8211; unisex t-shirt &#8211; 100% organic cotton &#8211; unique design &#8211; Winter<\/h5>\n<p>Made from 100% organic ring-spun cotton, this unisex t-shirt is a total must-have. The Medium fit with finished hems and a round neckline, it\u2019s ready to pair with all your favourite outfits. It\u2019s high-quality, super comfy, and best of all \u2013 it\u2019s eco-friendly.<br \/>\n\u2022 Algod\u00f3n hilado en anillos 100% ecol\u00f3gico<br \/>\n\u2022 Peso del tejido: 180 g\/m\u00b2 (5.3 oz\/yd\u00b2)<br \/>\n\u2022 Una sola fontura<br \/>\n\u2022 Ajuste medio<br \/>\n\u2022 Mangas pegadas<br \/>\n\u2022 Canal 1\u00d71 en el cuello<br \/>\n\u2022 Pespunte ancho de doble aguja en las mangas y los bajos<br \/>\n\u2022 Tapeta de cuello en el mismo tejido (en el interior, parte trasera del cuello)<br \/>\n\u2022 Producto en blanco procedente de China o de Bangladesh<br \/>\nEs una camiseta unisex est\u00e1ndar. Las tallas corresponden a una talla m\u00e1s peque\u00f1a en el mercado de EE. UU., por lo que los clientes de EE. UU. deben pedir una talla m\u00e1s grande.<br \/>\nEste producto est\u00e1 hecho especialmente para ti tan pronto como realiza un pedido, por lo que tardamos un poco m\u00e1s en entreg\u00e1rselo. Hacer productos a pedido en lugar de a granel ayuda a reducir la sobreproducci\u00f3n, \u00a1as\u00ed que gracias por tomar decisiones de compra bien pensadas!<\/p>","protected":false},"excerpt":{"rendered":"<h5>Nuestros dise\u00f1os aut\u00e9nticos muestran historias de vida: nuestras historias.<\/h5>\n<h5>Elige este si te reconoces en esto.<\/h5>\n<h5>Las personas que te rodean tambi\u00e9n pueden identificarse y sentirse conectadas contigo.<\/h5>","protected":false},"featured_media":2429,"comment_status":"open","ping_status":"closed","template":"","meta":[],"product_brand":[],"product_cat":[124],"product_tag":[],"class_list":{"0":"post-2416","1":"product","2":"type-product","3":"status-publish","4":"has-post-thumbnail","6":"product_cat-winter-design-for-women","7":"col-md-6 col-sm-6","9":"first","10":"instock","11":"taxable","12":"shipping-taxable","13":"purchasable","14":"product-type-variable"},"aioseo_notices":[],"_links":{"self":[{"href":"https:\/\/kosmistoria.com\/es\/wp-json\/wp\/v2\/product\/2416","targetHints":{"allow":["GET"]}}],"collection":[{"href":"https:\/\/kosmistoria.com\/es\/wp-json\/wp\/v2\/product"}],"about":[{"href":"https:\/\/kosmistoria.com\/es\/wp-json\/wp\/v2\/types\/product"}],"replies":[{"embeddable":true,"href":"https:\/\/kosmistoria.com\/es\/wp-json\/wp\/v2\/comments?post=2416"}],"wp:featuredmedia":[{"embeddable":true,"href":"https:\/\/kosmistoria.com\/es\/wp-json\/wp\/v2\/media\/2429"}],"wp:attachment":[{"href":"https:\/\/kosmistoria.com\/es\/wp-json\/wp\/v2\/media?parent=2416"}],"wp:term":[{"taxonomy":"product_brand","embeddable":true,"href":"https:\/\/kosmistoria.com\/es\/wp-json\/wp\/v2\/product_brand?post=2416"},{"taxonomy":"product_cat","embeddable":true,"href":"https:\/\/kosmistoria.com\/es\/wp-json\/wp\/v2\/product_cat?post=2416"},{"taxonomy":"product_tag","embeddable":true,"href":"https:\/\/kosmistoria.com\/es\/wp-json\/wp\/v2\/product_tag?post=2416"}],"curies":[{"name":"wp","href":"https:\/\/api.w.org\/{rel}","templated":true}]}}