{"id":2842,"date":"2023-07-17T18:36:39","date_gmt":"2023-07-17T17:36:39","guid":{"rendered":"https:\/\/kosmistoria.com\/product\/kosmistoria-kids-t-shirt-winter-3\/"},"modified":"2024-09-24T00:15:54","modified_gmt":"2024-09-23T23:15:54","slug":"kosmistoria-kids-t-shirt-winter-3","status":"publish","type":"product","link":"https:\/\/kosmistoria.com\/es\/producto\/kosmistoria-kids-t-shirt-winter-3\/","title":{"rendered":"Kosmistoria\u00ae &#8211; kids t-shirt &#8211; Winter"},"content":{"rendered":"<h5>Kosmistoria - camiseta para ni\u00f1os - 100% algod\u00f3n org\u00e1nico - dise\u00f1o \u00fanico \u2013 Invierno<\/h5>\n<p>\u00a1Ofrezca a tus hijos una camiseta linda, s\u00faper c\u00f3moda y hecha de telas naturales! \u00a1Esta camiseta de algod\u00f3n 100% org\u00e1nico seguramente se convertir\u00e1 en su favorita!<\/p>\n<p>\u2022 Algod\u00f3n hilado en anillos 100% ecol\u00f3gico<br \/>\n\u2022 Peso del tejido: 180 g\/m\u00b2 (5.3 oz\/yd\u00b2)<br \/>\n\u2022 Una sola fontura<br \/>\n\u2022 Ajuste medio<br \/>\n\u2022 Mangas pegadas<br \/>\n\u2022 Canal 1\u00d71 en el cuello<br \/>\nPespunte estrecho de doble aguja en las mangas y los bajos<br \/>\n\u2022 Tapeta de cuello en el mismo tejido (en el interior, parte trasera del cuello)<br \/>\n\u2022 Producto en blanco procedente de Bangladesh<\/p>\n<p>Este producto est\u00e1 hecho especialmente para ti tan pronto como realiza un pedido, por lo que tardamos un poco m\u00e1s en entreg\u00e1rselo. Hacer productos a pedido en lugar de a granel ayuda a reducir la sobreproducci\u00f3n, \u00a1as\u00ed que gracias por tomar decisiones de compra bien pensadas!<\/p>","protected":false},"excerpt":{"rendered":"<h5>Nuestros dise\u00f1os aut\u00e9nticos muestran historias de vida: nuestras historias.<\/h5>\n<h5>Comp\u00e1rtelos con tus hijos.<\/h5>\n<h5>Elige este si te reconoces en esto.<\/h5>","protected":false},"featured_media":2856,"comment_status":"open","ping_status":"closed","template":"","meta":[],"product_brand":[],"product_cat":[129],"product_tag":[],"class_list":{"0":"post-2842","1":"product","2":"type-product","3":"status-publish","4":"has-post-thumbnail","6":"product_cat-winter-design-for-kids","7":"col-md-6 col-sm-6","9":"first","10":"instock","11":"taxable","12":"shipping-taxable","13":"purchasable","14":"product-type-variable"},"aioseo_notices":[],"_links":{"self":[{"href":"https:\/\/kosmistoria.com\/es\/wp-json\/wp\/v2\/product\/2842","targetHints":{"allow":["GET"]}}],"collection":[{"href":"https:\/\/kosmistoria.com\/es\/wp-json\/wp\/v2\/product"}],"about":[{"href":"https:\/\/kosmistoria.com\/es\/wp-json\/wp\/v2\/types\/product"}],"replies":[{"embeddable":true,"href":"https:\/\/kosmistoria.com\/es\/wp-json\/wp\/v2\/comments?post=2842"}],"wp:featuredmedia":[{"embeddable":true,"href":"https:\/\/kosmistoria.com\/es\/wp-json\/wp\/v2\/media\/2856"}],"wp:attachment":[{"href":"https:\/\/kosmistoria.com\/es\/wp-json\/wp\/v2\/media?parent=2842"}],"wp:term":[{"taxonomy":"product_brand","embeddable":true,"href":"https:\/\/kosmistoria.com\/es\/wp-json\/wp\/v2\/product_brand?post=2842"},{"taxonomy":"product_cat","embeddable":true,"href":"https:\/\/kosmistoria.com\/es\/wp-json\/wp\/v2\/product_cat?post=2842"},{"taxonomy":"product_tag","embeddable":true,"href":"https:\/\/kosmistoria.com\/es\/wp-json\/wp\/v2\/product_tag?post=2842"}],"curies":[{"name":"wp","href":"https:\/\/api.w.org\/{rel}","templated":true}]}}