{"id":3131,"date":"2024-10-27T11:51:35","date_gmt":"2024-10-27T10:51:35","guid":{"rendered":"https:\/\/kosmistoria.com\/product\/kosmistoria-notebook-flowing-brown\/"},"modified":"2025-01-31T17:10:55","modified_gmt":"2025-01-31T16:10:55","slug":"kosmistoria-notebook-flowing-brown","status":"publish","type":"product","link":"https:\/\/kosmistoria.com\/es\/producto\/kosmistoria-notebook-flowing-brown\/","title":{"rendered":"Kosmistoria\u00ae \u2013 Diario \u2013 Flowing Brown"},"content":{"rendered":"<h5>Kosmistoria\u00ae - Libreta - Agenda - Cuaderno - Diario - Desarrollo personal - Regalo multiusos - <a href=\"https:\/\/kosmistoria.com\/es\/bored\/\">Schtoumpie\u00a9 est\u00e1 aburrido<\/a><\/h5>\n<p>Un cuaderno de calidad te puede ayudar a motivarte para tomar notas, apuntar ideas o crear una lista de futuros sue\u00f1os. Las p\u00e1ginas punteadas lo hacen vers\u00e1til. Como diario, cuaderno o bloc de dibujo, se adapta a cualquier necesidad. \u00a1Este cuaderno de anillas ser\u00e1 el compa\u00f1ero perfecto cuando quieras plasmar en papel tus pensamientos!<\/p>\n<p class=\"translation-block\">\u2022 Tapas de cart\u00f3n con revestimiento suave\n\u2022 Encuadernado de anillas\n\u2022 100 p\u00e1ginas con puntos\n\u2022 Dimensiones hecho en USA: 13 \u00d7 21 cm (5,5\" \u00d7 8,5\")\n\u2022 Dimensiones hecho en la UE: 14,5 \u00d7 21 cm (5,7\" \u00d7 8,5\")\n\u2022 Producto base fabricado en USA y Suecia<\/p>\n<p>Este producto est\u00e1 hecho especialmente para ti tan pronto como realiza un pedido, por lo que tardamos un poco m\u00e1s en entreg\u00e1rselo. Hacer productos a pedido en lugar de a granel ayuda a reducir la sobreproducci\u00f3n, \u00a1as\u00ed que gracias por tomar decisiones de compra bien pensadas!<\/p>","protected":false},"excerpt":{"rendered":"<p class=\"translation-block\"><strong>Escribe un diario cuando te aburras<\/strong>. Profundiza en ti mismo. <strong>Usa tu imaginaci\u00f3n<\/strong>. Trabaja en proyectos antiguos o nuevos. <strong>\u00a1Deja fluir tu creatividad<\/strong>!<\/p>","protected":false},"featured_media":3157,"comment_status":"open","ping_status":"closed","template":"","meta":[],"product_brand":[],"product_cat":[130],"product_tag":[],"class_list":{"0":"post-3131","1":"product","2":"type-product","3":"status-publish","4":"has-post-thumbnail","6":"product_cat-our-journals","7":"col-md-6 col-sm-6","9":"first","10":"instock","11":"taxable","12":"shipping-taxable","13":"purchasable","14":"product-type-simple"},"aioseo_notices":[],"_links":{"self":[{"href":"https:\/\/kosmistoria.com\/es\/wp-json\/wp\/v2\/product\/3131","targetHints":{"allow":["GET"]}}],"collection":[{"href":"https:\/\/kosmistoria.com\/es\/wp-json\/wp\/v2\/product"}],"about":[{"href":"https:\/\/kosmistoria.com\/es\/wp-json\/wp\/v2\/types\/product"}],"replies":[{"embeddable":true,"href":"https:\/\/kosmistoria.com\/es\/wp-json\/wp\/v2\/comments?post=3131"}],"wp:featuredmedia":[{"embeddable":true,"href":"https:\/\/kosmistoria.com\/es\/wp-json\/wp\/v2\/media\/3157"}],"wp:attachment":[{"href":"https:\/\/kosmistoria.com\/es\/wp-json\/wp\/v2\/media?parent=3131"}],"wp:term":[{"taxonomy":"product_brand","embeddable":true,"href":"https:\/\/kosmistoria.com\/es\/wp-json\/wp\/v2\/product_brand?post=3131"},{"taxonomy":"product_cat","embeddable":true,"href":"https:\/\/kosmistoria.com\/es\/wp-json\/wp\/v2\/product_cat?post=3131"},{"taxonomy":"product_tag","embeddable":true,"href":"https:\/\/kosmistoria.com\/es\/wp-json\/wp\/v2\/product_tag?post=3131"}],"curies":[{"name":"wp","href":"https:\/\/api.w.org\/{rel}","templated":true}]}}