{"id":3139,"date":"2024-10-27T12:05:12","date_gmt":"2024-10-27T11:05:12","guid":{"rendered":"https:\/\/kosmistoria.com\/product\/kosmistoria-notebook-cloudy-grey\/"},"modified":"2025-07-08T18:52:08","modified_gmt":"2025-07-08T17:52:08","slug":"kosmistoria-notebook-cloudy-grey","status":"publish","type":"product","link":"https:\/\/kosmistoria.com\/es\/producto\/kosmistoria-notebook-cloudy-grey\/","title":{"rendered":"Kosmistoria\u00ae \u2013 Diario \u2013 Cloudy Grey"},"content":{"rendered":"<h5>Kosmistoria\u00ae - Libreta - Agenda - Cuaderno - Diario - Desarrollo personal - Regalo multiusos - <a href=\"https:\/\/kosmistoria.com\/es\/sad\/\">Schtoumpie\u00a9 est\u00e1 triste<\/a><\/h5>\n<p>Un cuaderno de calidad te puede ayudar a motivarte para tomar notas, apuntar ideas o crear una lista de futuros sue\u00f1os. Las p\u00e1ginas punteadas lo hacen vers\u00e1til. Como diario, cuaderno o bloc de dibujo, se adapta a cualquier necesidad. \u00a1Este cuaderno de anillas ser\u00e1 el compa\u00f1ero perfecto cuando quieras plasmar en papel tus pensamientos!<\/p>\n<p class=\"translation-block\">\u2022 Tapas de cart\u00f3n con revestimiento suave\n\u2022 Encuadernado de anillas\n\u2022 100 p\u00e1ginas con puntos\n\u2022 Dimensiones hecho en USA: 13 \u00d7 21 cm (5,5\" \u00d7 8,5\")\n\u2022 Dimensiones hecho en la UE: 14,5 \u00d7 21 cm (5,7\" \u00d7 8,5\")\n\u2022 Producto base fabricado en USA y Suecia<\/p>\n<p>Este producto est\u00e1 hecho especialmente para ti tan pronto como realiza un pedido, por lo que tardamos un poco m\u00e1s en entreg\u00e1rselo. Hacer productos a pedido en lugar de a granel ayuda a reducir la sobreproducci\u00f3n, \u00a1as\u00ed que gracias por tomar decisiones de compra bien pensadas!<\/p>","protected":false},"excerpt":{"rendered":"<p class=\"translation-block\"><strong>Escribe en tu diario tus momentos tristes<\/strong>. Como el tiempo, la vida tambi\u00e9n puede volverse nublada de vez en cuando. Desde una peque\u00f1a lluvia hasta un gran hurac\u00e1n. Pero despu\u00e9s siempre llega el sol en el cielo azul. As\u00ed que <strong>recuerda<\/strong> esos d\u00edas soleados y buenos, los <strong>buenos recuerdos<\/strong>. Nunca deber\u00edan desaparecer. <strong>\u00a1Af\u00e9rrate a ellos<\/strong>!<\/p>","protected":false},"featured_media":3153,"comment_status":"open","ping_status":"closed","template":"","meta":[],"product_brand":[],"product_cat":[130],"product_tag":[],"class_list":{"0":"post-3139","1":"product","2":"type-product","3":"status-publish","4":"has-post-thumbnail","6":"product_cat-our-journals","7":"col-md-6 col-sm-6","9":"first","10":"instock","11":"taxable","12":"shipping-taxable","13":"purchasable","14":"product-type-simple"},"aioseo_notices":[],"_links":{"self":[{"href":"https:\/\/kosmistoria.com\/es\/wp-json\/wp\/v2\/product\/3139","targetHints":{"allow":["GET"]}}],"collection":[{"href":"https:\/\/kosmistoria.com\/es\/wp-json\/wp\/v2\/product"}],"about":[{"href":"https:\/\/kosmistoria.com\/es\/wp-json\/wp\/v2\/types\/product"}],"replies":[{"embeddable":true,"href":"https:\/\/kosmistoria.com\/es\/wp-json\/wp\/v2\/comments?post=3139"}],"wp:featuredmedia":[{"embeddable":true,"href":"https:\/\/kosmistoria.com\/es\/wp-json\/wp\/v2\/media\/3153"}],"wp:attachment":[{"href":"https:\/\/kosmistoria.com\/es\/wp-json\/wp\/v2\/media?parent=3139"}],"wp:term":[{"taxonomy":"product_brand","embeddable":true,"href":"https:\/\/kosmistoria.com\/es\/wp-json\/wp\/v2\/product_brand?post=3139"},{"taxonomy":"product_cat","embeddable":true,"href":"https:\/\/kosmistoria.com\/es\/wp-json\/wp\/v2\/product_cat?post=3139"},{"taxonomy":"product_tag","embeddable":true,"href":"https:\/\/kosmistoria.com\/es\/wp-json\/wp\/v2\/product_tag?post=3139"}],"curies":[{"name":"wp","href":"https:\/\/api.w.org\/{rel}","templated":true}]}}