{"id":3302,"date":"2025-01-07T22:55:52","date_gmt":"2025-01-07T21:55:52","guid":{"rendered":"https:\/\/kosmistoria.com\/?post_type=product&#038;p=3302"},"modified":"2025-02-09T01:41:55","modified_gmt":"2025-02-09T00:41:55","slug":"kosmistoria-natural-soothing-cream-aie-ouille-ouch","status":"publish","type":"product","link":"https:\/\/kosmistoria.com\/es\/producto\/kosmistoria-natural-soothing-cream-aie-ouille-ouch\/","title":{"rendered":"Kosmistoria\u00ae-B\u00e1lsamo Natural-Calmante-A\u00efe! \u00a1Ouille! \u00a1Ouch!"},"content":{"rendered":"<h5>Kosmistoria\u00ae-Soothing Balm-15ml-Natural-Cream-Healing properties-with Lavender essential oil-Bee wax-Olive oil-Multipurpose gift-<a href=\"https:\/\/kosmistoria.com\/es\/when-its-aie-ouille-ouch\/\">Design A\u00efe!Ouille!Ouch!<\/a><\/h5>\n<p>Todos definitivamente necesitar\u00edan un b\u00e1lsamo que cura muchas llagas.<\/p>\n<p>Aplicando este b\u00e1lsamo sobre la piel inmediatamente despu\u00e9s de cortes, quemaduras, picaduras o mordeduras, ayudar\u00e1s a que tu piel sane de forma suave y sin dolor. Tus labios tambi\u00e9n te lo agradecer\u00e1n si te aplicas un poco sobre ellos con regularidad.<\/p>\n<p>Lo llevamos a todas partes con nosotros. Siempre hay uno en el coche. Y cada uno de nosotros lleva uno en el bolsillo.<\/p>\n<p>Cada uno es capaz de forma independiente de calmar y curar su piel con calma y serenidad, utilizando el poder de la Naturaleza.<\/p>\n<p><strong>INGREDIENTES<\/strong><\/p>\n<p>Cera de abejas: Un regalo de la naturaleza.<\/p>\n<p>Aceite de Oliva: Es uno de los mejores aceites para el cuidado de la piel.<\/p>\n<p>Aceite esencial: Utiliza los poderes curativos de una planta.<\/p>\n<p>Lavanda: Propiedades calmantes, cicatrizantes, antiinflamatorias, antibacterianas, antivirales y anti infecciosas.<\/p>\n<p>Amor: \u00a1Y por supuesto, el b\u00e1lsamo est\u00e1 hecho con mucho amor!<\/p>\n<p>Te protege todo el a\u00f1o.<\/p>\n<p><strong>C\u00d3MO USARLO<\/strong><\/p>\n<p>Despu\u00e9s de una picadura de insecto, aplicar generosamente inmediatamente.<\/p>\n<p>Para una curaci\u00f3n m\u00e1s r\u00e1pida, vuelva a aplicar con m\u00e1s frecuencia.<\/p>\n<p>Para dormir mejor, aplicar un poco de b\u00e1lsamo en la nariz y en la parte interna de las mu\u00f1ecas.<\/p>\n<p>Otros posibles usos: quemadura, corte, rasgu\u00f1o, grano, labio seco, etc.<\/p>","protected":false},"excerpt":{"rendered":"<p class=\"translation-block\"><strong>Se aplica este b\u00e1lsamo<\/strong> cuando se siente <strong>\u201c\u00a1A\u00efe! \u00a1Ouille! \u00a1Ouch!\u201d<\/strong>, es decir, cuando se tiene un <strong>rasgu\u00f1o<\/strong>, una <strong>quemadura<\/strong>, un <strong>corte<\/strong>, una <strong>picadura<\/strong>, una <strong>mordedura<\/strong>, los <strong>labios secos<\/strong>, etc.<\/p>\n<p class=\"translation-block\">Nuestro <strong>b\u00e1lsamo calmante de elaboraci\u00f3n propia<\/strong>, a base de <strong>ingredientes naturales<\/strong>, como el <strong>aceite esencial de lavanda<\/strong>, es un <strong>compa\u00f1ero calmante y de apoyo<\/strong> para tu <strong>vida diaria<\/strong>.<\/p>","protected":false},"featured_media":3303,"comment_status":"open","ping_status":"closed","template":"","meta":[],"product_brand":[],"product_cat":[134],"product_tag":[],"class_list":{"0":"post-3302","1":"product","2":"type-product","3":"status-publish","4":"has-post-thumbnail","6":"product_cat-our-natural-balms","7":"col-md-6 col-sm-6","9":"first","10":"instock","11":"taxable","12":"shipping-taxable","13":"purchasable","14":"product-type-simple"},"aioseo_notices":[],"_links":{"self":[{"href":"https:\/\/kosmistoria.com\/es\/wp-json\/wp\/v2\/product\/3302","targetHints":{"allow":["GET"]}}],"collection":[{"href":"https:\/\/kosmistoria.com\/es\/wp-json\/wp\/v2\/product"}],"about":[{"href":"https:\/\/kosmistoria.com\/es\/wp-json\/wp\/v2\/types\/product"}],"replies":[{"embeddable":true,"href":"https:\/\/kosmistoria.com\/es\/wp-json\/wp\/v2\/comments?post=3302"}],"wp:featuredmedia":[{"embeddable":true,"href":"https:\/\/kosmistoria.com\/es\/wp-json\/wp\/v2\/media\/3303"}],"wp:attachment":[{"href":"https:\/\/kosmistoria.com\/es\/wp-json\/wp\/v2\/media?parent=3302"}],"wp:term":[{"taxonomy":"product_brand","embeddable":true,"href":"https:\/\/kosmistoria.com\/es\/wp-json\/wp\/v2\/product_brand?post=3302"},{"taxonomy":"product_cat","embeddable":true,"href":"https:\/\/kosmistoria.com\/es\/wp-json\/wp\/v2\/product_cat?post=3302"},{"taxonomy":"product_tag","embeddable":true,"href":"https:\/\/kosmistoria.com\/es\/wp-json\/wp\/v2\/product_tag?post=3302"}],"curies":[{"name":"wp","href":"https:\/\/api.w.org\/{rel}","templated":true}]}}