{"id":3318,"date":"2025-01-08T00:16:18","date_gmt":"2025-01-07T23:16:18","guid":{"rendered":"https:\/\/kosmistoria.com\/?post_type=product&#038;p=3318"},"modified":"2025-02-09T01:39:43","modified_gmt":"2025-02-09T00:39:43","slug":"kosmistoria-natural-balm-60ml-mosquito-repellent-bzzz","status":"publish","type":"product","link":"https:\/\/kosmistoria.com\/es\/producto\/kosmistoria-natural-balm-60ml-mosquito-repellent-bzzz\/","title":{"rendered":"Kosmistoria\u00ae-B\u00e1lsamo natural-Repelente de Mosquito-Bzzz..."},"content":{"rendered":"<h5>Kosmistoria\u00ae-Mosquito Repellent Balm-60ml-Natural-Cream-Healing properties-with selected essential oils-Bee wax-Olive oil-Multipurpose gift-<a href=\"https:\/\/kosmistoria.com\/es\/when-you-hear-bzzz\/\">Design Bzzz&#8230;<\/a><\/h5>\n<p>Hay muchas formas de evitar las picaduras de mosquitos. Una de ellas es aplicar un b\u00e1lsamo repelente de insectos antes de asistir a la barbacoa por la noche, por ejemplo. El aroma del aceite esencial los repeler\u00e1 y te convertir\u00e1 en su \u00faltima v\u00edctima de la noche :)<\/p>\n<p>Cada persona es capaz de protegerse de las picaduras de mosquitos por s\u00ed sola, utilizando un b\u00e1lsamo natural. Es un m\u00e9todo eficaz.<\/p>\n<p><strong>INGREDIENTES<\/strong><\/p>\n<p>Cera de abejas: Un regalo de la naturaleza.<\/p>\n<p>Aceite de Oliva: Es uno de los mejores aceites para el cuidado de la piel.<\/p>\n<p>Aceite esencial: Utiliza los poderes curativos de una planta.<\/p>\n<p>Limoncillo: Adem\u00e1s de sus usos culinarios y medicinales, es conocido por sus propiedades repelentes de insectos.<\/p>\n<p>Lavanda: Adem\u00e1s de sus propiedades calmantes y curativas, es una planta antibacteriana, antiviral y repelente de insectos.<\/p>\n<p>La mezcla con lavanda y limoncillo potencia el efecto repelente.<\/p>\n<p>La mezcla con lavanda y limoncillo potencia el efecto repelente.<\/p>\n<p>Amor: \u00a1Y por supuesto, el b\u00e1lsamo est\u00e1 hecho con mucho amor!<\/p>\n<p><strong>C\u00d3MO USARLO<\/strong><\/p>\n<p>Se recomienda para disfrutar al m\u00e1ximo el verano.<\/p>\n<p>\u00daselo inmediatamente despu\u00e9s de nadar, ba\u00f1arse o ducharse.<\/p>\n<p>Aplicar sobre la piel antes de una fiesta nocturna, una barbacoa o un paseo por el bosque.<\/p>\n<p>Vuelva a aplicar el masaje con m\u00e1s frecuencia para una mejor protecci\u00f3n.<\/p>","protected":false},"excerpt":{"rendered":"<p class=\"translation-block\"><strong>Aplica este b\u00e1lsamo antes<\/strong> de o\u00edr <strong>\"Bzzz...\"<\/strong>, lo que significa <strong>antes de que los mosquitos vengan<\/strong> y te ataquen.<\/p>\n<p class=\"translation-block\">Nuestro <strong>b\u00e1lsamo repelente de mosquitos de elaboraci\u00f3n propia<\/strong>, a base de <strong>ingredientes naturales<\/strong>, como los <strong>aceites esenciales de limoncillo y Lavanda<\/strong>, es un indispensable si quieres <strong>disfrutar mejor de los d\u00edas c\u00e1lidos<\/strong>.<\/p>","protected":false},"featured_media":3319,"comment_status":"open","ping_status":"closed","template":"","meta":[],"product_brand":[],"product_cat":[134],"product_tag":[],"class_list":{"0":"post-3318","1":"product","2":"type-product","3":"status-publish","4":"has-post-thumbnail","6":"product_cat-our-natural-balms","7":"col-md-6 col-sm-6","9":"first","10":"instock","11":"taxable","12":"shipping-taxable","13":"purchasable","14":"product-type-simple"},"aioseo_notices":[],"_links":{"self":[{"href":"https:\/\/kosmistoria.com\/es\/wp-json\/wp\/v2\/product\/3318","targetHints":{"allow":["GET"]}}],"collection":[{"href":"https:\/\/kosmistoria.com\/es\/wp-json\/wp\/v2\/product"}],"about":[{"href":"https:\/\/kosmistoria.com\/es\/wp-json\/wp\/v2\/types\/product"}],"replies":[{"embeddable":true,"href":"https:\/\/kosmistoria.com\/es\/wp-json\/wp\/v2\/comments?post=3318"}],"wp:featuredmedia":[{"embeddable":true,"href":"https:\/\/kosmistoria.com\/es\/wp-json\/wp\/v2\/media\/3319"}],"wp:attachment":[{"href":"https:\/\/kosmistoria.com\/es\/wp-json\/wp\/v2\/media?parent=3318"}],"wp:term":[{"taxonomy":"product_brand","embeddable":true,"href":"https:\/\/kosmistoria.com\/es\/wp-json\/wp\/v2\/product_brand?post=3318"},{"taxonomy":"product_cat","embeddable":true,"href":"https:\/\/kosmistoria.com\/es\/wp-json\/wp\/v2\/product_cat?post=3318"},{"taxonomy":"product_tag","embeddable":true,"href":"https:\/\/kosmistoria.com\/es\/wp-json\/wp\/v2\/product_tag?post=3318"}],"curies":[{"name":"wp","href":"https:\/\/api.w.org\/{rel}","templated":true}]}}