{"id":3381,"date":"2025-02-02T12:39:50","date_gmt":"2025-02-02T11:39:50","guid":{"rendered":"https:\/\/kosmistoria.com\/product\/kosmistoria-sport-bag-life-in-rainbow\/"},"modified":"2025-02-09T01:49:41","modified_gmt":"2025-02-09T00:49:41","slug":"kosmistoria-sport-bag-life-in-rainbow","status":"publish","type":"product","link":"https:\/\/kosmistoria.com\/es\/producto\/kosmistoria-sport-bag-life-in-rainbow\/","title":{"rendered":"Kosmistoria\u00ae \u2013 Bolsa de deporte \u2013 Life in Rainbow"},"content":{"rendered":"<h5>Kosmistoria\u00ae \u2013 Bolsa de deporte \u2013 Bolsa de gimnasio \u2013 Bolsa de fitness \u2013 <a href=\"https:\/\/kosmistoria.com\/es\/celebrating\/\">Schtoumpie\u00a9 est\u00e1 celebrando<\/a><\/h5>\n<p>\u00bfEst\u00e1s listo para mantenerse en forma? Dale un toque especial a tus sesiones deportivas con nuestra bolsa de dise\u00f1o exclusivo. Fabricada con 100 % poli\u00e9ster y tela resistente e impermeable, esta bolsa es divertida y funcional. \u00a1Y tiene bolsillos!<\/p>\n<p class=\"translation-block\">\u2022 Resistente al agua y duradera<br>\n\u2022 Tejido robusto con revestimiento fusible para a\u00f1adir firmeza<br>\n\u2022 Ribete en forma de T para una mayor estabilidad <br>\n\u2022 Correas acolchadas <br>\n\u2022 Bolsillo lateral<br>\n\u2022 Bolsillo interior para guardar los objetos de valor<br>\n\u2022 100% poli\u00e9ster<br>\n\u2022 Peso del tejido: 305 g\/m\u00b2 (9 oz\/yd\u00b2)\n\u2022 Capacidad: 30 l (7,93 galones)<\/p>\n<p>Este producto est\u00e1 hecho especialmente para ti tan pronto como realiza un pedido, por lo que tardamos un poco m\u00e1s en entreg\u00e1rselo. Hacer productos a pedido en lugar de a granel ayuda a reducir la sobreproducci\u00f3n, \u00a1as\u00ed que gracias por tomar decisiones de compra bien pensadas!<\/p>\n<p class=\"translation-block\">\u2022 Trazabilidad:<br>\n- Tejido: China<br>\n- Te\u00f1ido: China<br>\n- Fabricaci\u00f3n: Letonia o M\u00e9xico<br>\n\u2022 Contiene 0 % de poli\u00e9ster reciclado<br>\n\u2022 Contiene 0 % de sustancias peligrosas<br>\n\u2022 Este art\u00edculo libera microfibras de pl\u00e1stico al medio ambiente durante el lavado<\/p>\n<p>Restricciones de edad: Para adultos<br \/>\nGarant\u00eda UE: 2 a\u00f1os<br \/>\nOtra informaci\u00f3n de cumplimiento: Cumple con los requisitos de inflamabilidad y niveles de plomo, cadmio, bisfenoles y ftalatos.<\/p>\n<p class=\"translation-block\">En cumplimiento del Reglamento General de Seguridad de los Productos (GPSR), <b>Kosmistoria\u00ae<\/b> y <b>SINDEN VENTURES LIMITED<\/b> garantizan que todos los productos de consumo que se ofrecen son seguros y cumplen con las normas de la UE. Para cualquier consulta o inquietud relacionada con la seguridad de los productos, comun\u00edquese con nuestro representante de la UE en <b>gpsr@sindenventures.com<\/b>. Tambi\u00e9n puede escribirnos a <b>Dorfstrasse 3, 4303 St Pantaleon-Erla, Austria<\/b> o a <b>Markou Evgenikou 11, Mesa Geitonia, 4002, Limassol, Chipre.<b><\/b><\/b><\/p>","protected":false},"excerpt":{"rendered":"<p class=\"translation-block\">Recu\u00e9rdese a s\u00ed mismo y a los dem\u00e1s que siempre hay algo que celebrar. <strong>\u00a1La vida en colores del arco\u00edris<\/strong> es maravillosa!<\/p>","protected":false},"featured_media":3443,"comment_status":"open","ping_status":"closed","template":"","meta":[],"product_brand":[],"product_cat":[132],"product_tag":[],"class_list":{"0":"post-3381","1":"product","2":"type-product","3":"status-publish","4":"has-post-thumbnail","6":"product_cat-our-sport-bags","7":"col-md-6 col-sm-6","9":"first","10":"instock","11":"taxable","12":"shipping-taxable","13":"purchasable","14":"product-type-simple"},"aioseo_notices":[],"_links":{"self":[{"href":"https:\/\/kosmistoria.com\/es\/wp-json\/wp\/v2\/product\/3381","targetHints":{"allow":["GET"]}}],"collection":[{"href":"https:\/\/kosmistoria.com\/es\/wp-json\/wp\/v2\/product"}],"about":[{"href":"https:\/\/kosmistoria.com\/es\/wp-json\/wp\/v2\/types\/product"}],"replies":[{"embeddable":true,"href":"https:\/\/kosmistoria.com\/es\/wp-json\/wp\/v2\/comments?post=3381"}],"wp:featuredmedia":[{"embeddable":true,"href":"https:\/\/kosmistoria.com\/es\/wp-json\/wp\/v2\/media\/3443"}],"wp:attachment":[{"href":"https:\/\/kosmistoria.com\/es\/wp-json\/wp\/v2\/media?parent=3381"}],"wp:term":[{"taxonomy":"product_brand","embeddable":true,"href":"https:\/\/kosmistoria.com\/es\/wp-json\/wp\/v2\/product_brand?post=3381"},{"taxonomy":"product_cat","embeddable":true,"href":"https:\/\/kosmistoria.com\/es\/wp-json\/wp\/v2\/product_cat?post=3381"},{"taxonomy":"product_tag","embeddable":true,"href":"https:\/\/kosmistoria.com\/es\/wp-json\/wp\/v2\/product_tag?post=3381"}],"curies":[{"name":"wp","href":"https:\/\/api.w.org\/{rel}","templated":true}]}}