{"id":350,"date":"2021-12-15T22:53:29","date_gmt":"2021-12-15T21:53:29","guid":{"rendered":"https:\/\/kosmistoria.com\/?post_type=product&#038;p=350"},"modified":"2025-01-07T19:49:04","modified_gmt":"2025-01-07T18:49:04","slug":"kosmistoria-reusable-bottle-winter","status":"publish","type":"product","link":"https:\/\/kosmistoria.com\/es\/producto\/kosmistoria-reusable-bottle-winter\/","title":{"rendered":"Kosmistoria\u00ae Botella t\u00e9rmica - Invierno"},"content":{"rendered":"<h5>Kosmistoria\u00ae - Botella t\u00e9rmica reutilizable - Taza de caf\u00e9, t\u00e9 y agua - 500ml - Taza isot\u00e9rmica - Tapa para beber 360\u00b0 - Cierre abierto con un clic - 100% a prueba de fugas - sin BPA - Acero inoxidable - Regalo multiusos - <a href=\"https:\/\/kosmistoria.com\/es\/winter\/\">Winter Design<\/a><\/h5>\n<p>Como recordatorio del invierno, con esta botella Kosmistoria\u00ae, t\u00e9rmica y reutilizable, disfrutar\u00e1s de la funci\u00f3n de apertura y cierre con una sola mano mientras trabajas, conduces, entrenas, viajas o simplemente te relajas. La tapa para beber de 360\u00b0 te lo har\u00e1 m\u00e1s f\u00e1cil, \u00a1no es necesario que busques el punto abierto y le des la vuelta a la botella! \u00a1Solo haces clic y bebes! \u00a1Ojos cerrados, cualquiera puede hacerlo!<\/p>\n<p>Est\u00e1 hecho de acero inoxidable de doble pared, que mantiene su bebida fr\u00eda hasta 24 horas y caliente durante aproximadamente 12 horas. Es apta para los amantes del caf\u00e9 y el t\u00e9, el agua o cualquier bebida que desees. El dise\u00f1o robusto y la forma exclusiva de nuestra botella la hacen vers\u00e1til para cualquier uso. Todos somos \u00fanicos y lo usaremos para diferentes prop\u00f3sitos.<\/p>\n<p>El alegre dise\u00f1o traer\u00e1 una sonrisa a tu rostro y a los que te rodean. Y como beneficio adicional, adem\u00e1s, la tapa tiene una funci\u00f3n de espejo, \u00a1para los amantes de uno mismo!<\/p>\n<ul>\n<li>Dise\u00f1o \u00fanico de Kosmistoria\u00ae: Acogedor y c\u00e1lido invierno<\/li>\n<li>Botella t\u00e9rmica reutilizable<\/li>\n<li>Tapa abierta y cerrada con un clic, apertura para beber de 360\u00b0<\/li>\n<li>100% sin BPA<\/li>\n<li>Pr\u00e1ctico para cualquier actividad: deporte, trabajo, viajes, relax, etc.<\/li>\n<li>Perfecto para cualquier bebida: caf\u00e9, t\u00e9, agua, etc.<\/li>\n<li>Se adapta a la mayor\u00eda de los portavasos<\/li>\n<li>Funci\u00f3n de espejo como bonificaci\u00f3n<\/li>\n<li>Acero inoxidable 304 de doble pared: mantiene caliente hasta 12h y fr\u00edo de 18 a 24h<\/li>\n<li>Capacidad 500ml<\/li>\n<li>Lavar \u00fanicamente a mano<\/li>\n<li>Envases distintivos reciclables<\/li>\n<\/ul>","protected":false},"excerpt":{"rendered":"<h5>El dise\u00f1o alegre impreso es un recordatorio de la historia de vida para todos nosotros.<\/h5>\n<h5>Elige mantenerte hidratado con nuestra apertura y cierre de 360\u00b0 con un solo clic.<\/h5>\n<h5>Est\u00e1 aislado y se adapta perfectamente a cualquiera de sus bebidas y actividades.<\/h5>","protected":false},"featured_media":936,"comment_status":"open","ping_status":"closed","template":"","meta":[],"product_brand":[],"product_cat":[31],"product_tag":[],"class_list":{"0":"post-350","1":"product","2":"type-product","3":"status-publish","4":"has-post-thumbnail","6":"product_cat-season-edition","7":"col-md-6 col-sm-6","9":"first","10":"instock","11":"taxable","12":"shipping-taxable","13":"purchasable","14":"product-type-simple"},"aioseo_notices":[],"_links":{"self":[{"href":"https:\/\/kosmistoria.com\/es\/wp-json\/wp\/v2\/product\/350","targetHints":{"allow":["GET"]}}],"collection":[{"href":"https:\/\/kosmistoria.com\/es\/wp-json\/wp\/v2\/product"}],"about":[{"href":"https:\/\/kosmistoria.com\/es\/wp-json\/wp\/v2\/types\/product"}],"replies":[{"embeddable":true,"href":"https:\/\/kosmistoria.com\/es\/wp-json\/wp\/v2\/comments?post=350"}],"wp:featuredmedia":[{"embeddable":true,"href":"https:\/\/kosmistoria.com\/es\/wp-json\/wp\/v2\/media\/936"}],"wp:attachment":[{"href":"https:\/\/kosmistoria.com\/es\/wp-json\/wp\/v2\/media?parent=350"}],"wp:term":[{"taxonomy":"product_brand","embeddable":true,"href":"https:\/\/kosmistoria.com\/es\/wp-json\/wp\/v2\/product_brand?post=350"},{"taxonomy":"product_cat","embeddable":true,"href":"https:\/\/kosmistoria.com\/es\/wp-json\/wp\/v2\/product_cat?post=350"},{"taxonomy":"product_tag","embeddable":true,"href":"https:\/\/kosmistoria.com\/es\/wp-json\/wp\/v2\/product_tag?post=350"}],"curies":[{"name":"wp","href":"https:\/\/api.w.org\/{rel}","templated":true}]}}