{"id":3534,"date":"2025-02-09T12:26:47","date_gmt":"2025-02-09T11:26:47","guid":{"rendered":"https:\/\/kosmistoria.com\/product\/kosmistoria-black-unisex-tank-top-our-planet-earth\/"},"modified":"2025-02-15T00:39:11","modified_gmt":"2025-02-14T23:39:11","slug":"kosmistoria-black-unisex-tank-top-our-planet-earth","status":"publish","type":"product","link":"https:\/\/kosmistoria.com\/es\/producto\/kosmistoria-black-unisex-tank-top-our-planet-earth\/","title":{"rendered":"Kosmistoria\u00ae \u2013 camiseta unisex sin mangas\u2013 negro \u2013 Nuestro Planeta Tierra"},"content":{"rendered":"<h5>Kosmistoria\u00ae - Camiseta de tirantes unisex - Camiseta de tirantes para mujer - Camiseta de tirantes para hombre - negro - 100% algod\u00f3n org\u00e1nico - dise\u00f1o \u00fanico - <a href=\"https:\/\/kosmistoria.com\/es\/our-planet-earth\/\">Nuestro Planeta Tierra<\/a><\/h5>\n<p>Camiseta de tirantes cl\u00e1sica para todas las ocasiones. Una prenda atemporal para todos aquellos que buscan gran calidad y mucha suavidad, en combinaci\u00f3n de compartir un mensaje al mundo.<\/p>\n<p>\u2022 Talla: S-2XL<\/p>\n<p class=\"translation-block\">\u2022 100% algod\u00f3n peinado e hilado en anillo<br>\n\u2022 Los tonos Tri-blends son 50% poli\u00e9ster, 25% algod\u00f3n peinado e hilado en anillo, 25% ray\u00f3n<br>\n\u2022 Peso del tejido: 142,40 g\/m\u00b2 (4.2 oz\/yd\u00b2), tonos Triblend: 90,07 g\/m\u00b2 (3.8 oz\/yd\u00b2)<br>\n\u2022 Costuras laterales, unisex<br>\n\u2022 Producto base procedente de Nicaragua, Honduras o EEUU<\/p>\n<p>Este producto est\u00e1 hecho especialmente para ti tan pronto como realiza un pedido, por lo que tardamos un poco m\u00e1s en entreg\u00e1rselo. Hacer productos a pedido en lugar de a granel ayuda a reducir la sobreproducci\u00f3n, \u00a1as\u00ed que gracias por tomar decisiones de compra bien pensadas!<\/p>\n<p>Restricciones de edad: Para adultos<br \/>\nGarant\u00eda UE: 2 a\u00f1os<br \/>\nOtra informaci\u00f3n de cumplimiento: Cumple con los requisitos de nivel de inflamabilidad.<\/p>\n<p class=\"translation-block\">En cumplimiento del Reglamento General de Seguridad de los Productos (GPSR), <b>Kosmistoria\u00ae<\/b> y <b>SINDEN VENTURES LIMITED<\/b> garantizan que todos los productos de consumo que se ofrecen son seguros y cumplen con las normas de la UE. Para cualquier consulta o inquietud relacionada con la seguridad de los productos, comun\u00edquese con nuestro representante de la UE en <b>gpsr@sindenventures.com<\/b>. Tambi\u00e9n puede escribirnos a <b>Dorfstrasse 3, 4303 St Pantaleon-Erla, Austria<\/b> o a <b>Markou Evgenikou 11, Mesa Geitonia, 4002, Limassol, Chipre.<b><\/b><\/b><\/p>","protected":false},"excerpt":{"rendered":"<h5><strong>Nuestros dise\u00f1os aut\u00e9nticos muestran historias de vida: nuestras historias. Uno de ellos trata sobre nuestro Planeta.<\/strong><\/h5>\n<h5><strong>Elige este si te reconoces en esto.<\/strong><\/h5>\n<h5><strong>Las personas que te rodean tambi\u00e9n pueden identificarse y sentirse conectadas contigo.<\/strong><\/h5>","protected":false},"featured_media":3555,"comment_status":"open","ping_status":"closed","template":"","meta":[],"product_brand":[],"product_cat":[138],"product_tag":[],"class_list":{"0":"post-3534","1":"product","2":"type-product","3":"status-publish","4":"has-post-thumbnail","6":"product_cat-our-tank-tops","7":"col-md-6 col-sm-6","9":"first","10":"instock","11":"taxable","12":"shipping-taxable","13":"purchasable","14":"product-type-variable"},"aioseo_notices":[],"_links":{"self":[{"href":"https:\/\/kosmistoria.com\/es\/wp-json\/wp\/v2\/product\/3534","targetHints":{"allow":["GET"]}}],"collection":[{"href":"https:\/\/kosmistoria.com\/es\/wp-json\/wp\/v2\/product"}],"about":[{"href":"https:\/\/kosmistoria.com\/es\/wp-json\/wp\/v2\/types\/product"}],"replies":[{"embeddable":true,"href":"https:\/\/kosmistoria.com\/es\/wp-json\/wp\/v2\/comments?post=3534"}],"wp:featuredmedia":[{"embeddable":true,"href":"https:\/\/kosmistoria.com\/es\/wp-json\/wp\/v2\/media\/3555"}],"wp:attachment":[{"href":"https:\/\/kosmistoria.com\/es\/wp-json\/wp\/v2\/media?parent=3534"}],"wp:term":[{"taxonomy":"product_brand","embeddable":true,"href":"https:\/\/kosmistoria.com\/es\/wp-json\/wp\/v2\/product_brand?post=3534"},{"taxonomy":"product_cat","embeddable":true,"href":"https:\/\/kosmistoria.com\/es\/wp-json\/wp\/v2\/product_cat?post=3534"},{"taxonomy":"product_tag","embeddable":true,"href":"https:\/\/kosmistoria.com\/es\/wp-json\/wp\/v2\/product_tag?post=3534"}],"curies":[{"name":"wp","href":"https:\/\/api.w.org\/{rel}","templated":true}]}}