{"id":21,"date":"2021-04-07T08:22:05","date_gmt":"2021-04-07T08:22:05","guid":{"rendered":"https:\/\/kosmistoria.com\/?page_id=21"},"modified":"2023-04-02T11:17:55","modified_gmt":"2023-04-02T10:17:55","slug":"home","status":"publish","type":"page","link":"https:\/\/kosmistoria.com\/fr\/","title":{"rendered":"Home"},"content":{"rendered":"<h4>\n\t\tWhat does &#8220;Kosmistoria&#8221; mean?\n\t<\/h4>\n\t<p>Nous vivons dans un monde d\u00e9pourvu de compr\u00e9hension et de compassion. Les gens sourient moins, rient moins. Beaucoup d'entre nous ont perdu cette petite \u00e9tincelle qui pouvait autrefois allumer la dynamite de rire en nous ! Nous sommes d\u00e9connect\u00e9s de nous-m\u00eames et en cons\u00e9quence de tout ce qui nous entoure. Nous avons besoin de nous reconnecter \u00e0 nouveau, de ressentir \u00e0 nouveau.<\/p>\n<p><a href=\"https:\/\/kosmistoria.com\/fr\/the-origin\/\">Kosmistoria\u00a9<\/a>\u00a0repr\u00e9sente l'histoire du monde, c'est-\u00e0-dire notre histoire \u00e0 tous. En effet, il existe d'innombrables histoires qui nous connectent. Nous pouvons, par exemple, nous r\u00e9f\u00e9rer aux autres lorsqu'ils nous racontent leurs histoires, qui nous rappellent que nous avons v\u00e9cu la m\u00eame chose. Ou quand nous voyons des gens dans une situation dans laquelle nous \u00e9tions il y a quelques jours, quelques semaines, quelques mois ou quelques ann\u00e9es de cela. Nous les comprenons simplement profond\u00e9ment. Nous les ressentons. Nous nous sentons instantan\u00e9ment connect\u00e9s et proches d'eux.<\/p>\n<p>Thus, Kosmistoria\u00a9\u00a0would help us recognize that we are all connected in some way. The feeling of being connected brings us closer, because what could be more natural than taking care of those we consider our loved ones? Wouldn&#8217;t it be wonderful if each of us cared a bit more about everything around us? We&#8217;d care for the World, because this is our world and we&#8217;re a part of it. That is Kosmistoria!<\/p>\n<p>&nbsp;<\/p>\n\t\t\t\t<img decoding=\"async\" src=\"https:\/\/kosmistoria.com\/wp-content\/uploads\/2022\/07\/Kosmistoria-Homepage-800x800.jpg\" alt=\"Kosmistoria-Homepage\" itemprop=\"image\" title=\"Kosmistoria-Homepage\" onerror=\"this.style.display='none'\"  \/>\n\t\t<h3>Qu\u2019est-ce qui nous attend ? <\/h3>\n\t\t\t<a href=\"https:\/\/kosmistoria.com\/fr\/our-mission\/\" target=\"_self\" role=\"button\" rel=\"noopener\">\n\t\t\t\t\t\t\tEn savoir plus\n\t\t\t\t\t<\/a>","protected":false},"excerpt":{"rendered":"<p>What does &#8220;Kosmistoria&#8221; mean? We are living in a world lacking of understanding and compassion. [&hellip;]<\/p>\n","protected":false},"author":1,"featured_media":0,"parent":0,"menu_order":0,"comment_status":"closed","ping_status":"closed","template":"","meta":{"footnotes":""},"class_list":{"0":"post-21","1":"page","2":"type-page","3":"status-publish","5":"col-md-6 col-sm-6"},"aioseo_notices":[],"_links":{"self":[{"href":"https:\/\/kosmistoria.com\/fr\/wp-json\/wp\/v2\/pages\/21","targetHints":{"allow":["GET"]}}],"collection":[{"href":"https:\/\/kosmistoria.com\/fr\/wp-json\/wp\/v2\/pages"}],"about":[{"href":"https:\/\/kosmistoria.com\/fr\/wp-json\/wp\/v2\/types\/page"}],"author":[{"embeddable":true,"href":"https:\/\/kosmistoria.com\/fr\/wp-json\/wp\/v2\/users\/1"}],"replies":[{"embeddable":true,"href":"https:\/\/kosmistoria.com\/fr\/wp-json\/wp\/v2\/comments?post=21"}],"version-history":[{"count":160,"href":"https:\/\/kosmistoria.com\/fr\/wp-json\/wp\/v2\/pages\/21\/revisions"}],"predecessor-version":[{"id":2094,"href":"https:\/\/kosmistoria.com\/fr\/wp-json\/wp\/v2\/pages\/21\/revisions\/2094"}],"wp:attachment":[{"href":"https:\/\/kosmistoria.com\/fr\/wp-json\/wp\/v2\/media?parent=21"}],"curies":[{"name":"wp","href":"https:\/\/api.w.org\/{rel}","templated":true}]}}