{"id":416,"date":"2022-01-05T13:34:18","date_gmt":"2022-01-05T12:34:18","guid":{"rendered":"https:\/\/kosmistoria.com\/?page_id=416"},"modified":"2023-07-19T21:29:55","modified_gmt":"2023-07-19T20:29:55","slug":"the-team","status":"publish","type":"page","link":"https:\/\/kosmistoria.com\/fr\/the-team\/","title":{"rendered":"L'\u00e9quipe"},"content":{"rendered":"<h5>\n\t\tNotre \u00e9quipe solidaire\n\t<\/h5>\n\t<p>Ceci est un long voyage. Nous aurons s\u00fbrement besoin d\u2019aide en chemin. De ce fait, notre r\u00e9ussite sera incontestablement un travail d'\u00e9quipe. Ainsi, pour naviguer dans cette aventure hors du commun, nous avons demand\u00e9 \u00e0 nos amis et \u00e0 notre famille de nous joindre, pour apporter leur soutien et leur contribution dans l\u2019accomplissement de notre mission.<\/p>\n<p>We have gathered a few groups of people who are ready to help here and there. Each one being different, unique in their talent and personal ideas, we have learned to work effectively together. And since each of us excels in a different area than the others, this makes our collaboration work wonderfully. We are all complementary. It&#8217;s perfect. That is Kosmistoria.<\/p>\n\t\t\t\t<img loading=\"lazy\" decoding=\"async\" src=\"https:\/\/kosmistoria.com\/wp-content\/uploads\/2022\/09\/Kosmistoria-Team.jpg\" alt=\"Kosmistoria-Team\" itemprop=\"image\" height=\"1280\" width=\"1280\" title=\"Kosmistoria-Team\" onerror=\"this.style.display='none'\"  \/>","protected":false},"excerpt":{"rendered":"<p>Our supportive team This is a long journey. We will surely need help along the [&hellip;]<\/p>\n","protected":false},"author":1,"featured_media":0,"parent":0,"menu_order":0,"comment_status":"closed","ping_status":"closed","template":"","meta":{"footnotes":""},"class_list":{"0":"post-416","1":"page","2":"type-page","3":"status-publish","5":"col-md-6 col-sm-6"},"aioseo_notices":[],"_links":{"self":[{"href":"https:\/\/kosmistoria.com\/fr\/wp-json\/wp\/v2\/pages\/416","targetHints":{"allow":["GET"]}}],"collection":[{"href":"https:\/\/kosmistoria.com\/fr\/wp-json\/wp\/v2\/pages"}],"about":[{"href":"https:\/\/kosmistoria.com\/fr\/wp-json\/wp\/v2\/types\/page"}],"author":[{"embeddable":true,"href":"https:\/\/kosmistoria.com\/fr\/wp-json\/wp\/v2\/users\/1"}],"replies":[{"embeddable":true,"href":"https:\/\/kosmistoria.com\/fr\/wp-json\/wp\/v2\/comments?post=416"}],"version-history":[{"count":20,"href":"https:\/\/kosmistoria.com\/fr\/wp-json\/wp\/v2\/pages\/416\/revisions"}],"predecessor-version":[{"id":3043,"href":"https:\/\/kosmistoria.com\/fr\/wp-json\/wp\/v2\/pages\/416\/revisions\/3043"}],"wp:attachment":[{"href":"https:\/\/kosmistoria.com\/fr\/wp-json\/wp\/v2\/media?parent=416"}],"curies":[{"name":"wp","href":"https:\/\/api.w.org\/{rel}","templated":true}]}}