{"id":853,"date":"2022-06-05T17:45:58","date_gmt":"2022-06-05T16:45:58","guid":{"rendered":"https:\/\/kosmistoria.com\/shipping__delivery\/"},"modified":"2023-07-15T17:32:29","modified_gmt":"2023-07-15T16:32:29","slug":"shipping__delivery","status":"publish","type":"page","link":"https:\/\/kosmistoria.com\/fr\/shipping__delivery\/","title":{"rendered":"Shipping &#038; Delivery"},"content":{"rendered":"<h3><strong>Prices, shipping costs and delivery information<\/strong><\/h3>\n<p>The prices given on product pages are inclusive of statutory value-added tax (VAT) and other price components.<\/p>\n<p>We only ship to addresses in France, Spain, Germany and Austria.<\/p>\n<p>Shipping costs are communicated to you during the basket process and reconfirmed on the order page.<\/p>\n<p>No shipping costs are incurred in connection with digital content (e.g. e-books, software, etc.).<\/p>\n<p>Shipping costs are charged at a flat rate and are inclusive of statutory value-added tax (VAT). The fact that the amount of VAT included in shipping costs is calculated on the basis of the goods purchased means that it may decrease if the goods purchased are subject to a lower rate of VAT (e.g. books). This, in turn, means that definitive shipping costs can only be calculated during the order process. As it is not permitted for them to increase they will only be adjusted to your benefit (i.e. reduced).<\/p>","protected":false},"excerpt":{"rendered":"<p>Prices, shipping costs and delivery information The prices given on product pages are inclusive of [&hellip;]<\/p>\n","protected":false},"author":1,"featured_media":0,"parent":0,"menu_order":0,"comment_status":"closed","ping_status":"closed","template":"","meta":{"footnotes":""},"class_list":{"0":"post-853","1":"page","2":"type-page","3":"status-publish","5":"col-md-6 col-sm-6"},"aioseo_notices":[],"jetpack-related-posts":[{"id":857,"url":"https:\/\/kosmistoria.com\/fr\/payment_methods\/","url_meta":{"origin":853,"position":0},"title":"Payment Methods","author":"Laetitia R.","date":"juin 5, 2022","format":false,"excerpt":"Payment types We offer you the following payment types. Simply browse the list for the best payment type for you. Shipping costs may vary depending on the payment type selected. The prices given in the respective offers are final and include all price components (including any applicable tax such as\u2026","rel":"","context":"Article similaire","block_context":{"text":"Article similaire","link":""},"img":{"alt_text":"","src":"","width":0,"height":0},"classes":[]},{"id":859,"url":"https:\/\/kosmistoria.com\/fr\/terms_and_conditions\/","url_meta":{"origin":853,"position":1},"title":"Terms and Conditions","author":"Laetitia R.","date":"juin 5, 2022","format":false,"excerpt":"\ufeffDisclaimer: The following template was created by a lawyer (https:\/\/drschwenke.de) in accordance with the typical requirements associated with an online shop.\u00a0You should nevertheless only apply the template further to careful scrutiny and adaptation to your specific business model. In order to assist you in doing so, the following template contains\u2026","rel":"","context":"Article similaire","block_context":{"text":"Article similaire","link":""},"img":{"alt_text":"","src":"","width":0,"height":0},"classes":[]},{"id":178,"url":"https:\/\/kosmistoria.com\/fr\/refund_returns\/","url_meta":{"origin":853,"position":2},"title":"Refund and Returns Policy","author":"Laetitia R.","date":"d\u00e9cembre 29, 2022","format":false,"excerpt":"This is a sample page. Overview Our refund and returns policy lasts 30 days. If 30 days have passed since your purchase, we can\u2019t offer you a full refund or exchange. To be eligible for a return, your item must be unused and in the same condition that you received\u2026","rel":"","context":"Article similaire","block_context":{"text":"Article similaire","link":""},"img":{"alt_text":"","src":"","width":0,"height":0},"classes":[]},{"id":854,"url":"https:\/\/kosmistoria.com\/fr\/revocation\/","url_meta":{"origin":853,"position":3},"title":"Revocation","author":"Laetitia R.","date":"juin 5, 2022","format":false,"excerpt":"Cancellation policy A consumer is any natural person who completes a legal transaction for purposes that are for the most part not attributable to any professional activity of either a commercial or self-employed nature they engage in. Right of cancellation You have the right to cancel this contract without giving\u2026","rel":"","context":"Article similaire","block_context":{"text":"Article similaire","link":""},"img":{"alt_text":"","src":"","width":0,"height":0},"classes":[]},{"id":852,"url":"https:\/\/kosmistoria.com\/fr\/legal_information\/","url_meta":{"origin":853,"position":4},"title":"Legal Information","author":"Laetitia R.","date":"juin 5, 2022","format":false,"excerpt":"\ufeffDisclaimer: The following template was created by a lawyer (https:\/\/drschwenke.de) in accordance with the typical requirements associated with an online shop.\u00a0You should nevertheless only apply the template further to careful scrutiny and adaptation to your specific business model. In order to assist you in doing so, the following template contains\u2026","rel":"","context":"Article similaire","block_context":{"text":"Article similaire","link":""},"img":{"alt_text":"","src":"","width":0,"height":0},"classes":[]},{"id":856,"url":"https:\/\/kosmistoria.com\/fr\/privacy\/","url_meta":{"origin":853,"position":5},"title":"Privacy","author":"Laetitia R.","date":"juin 5, 2022","format":false,"excerpt":"\ufeffLiability note: The following sample has been prepared by a lawyer (Dr. jur. Schwenke, LL.M. commercial (UoA), Certified Data Protection Auditor (DSA-T\u00dcV) Certified Data Protection Officer (T\u00dcV S\u00fcd)) according to the typical requirements of an online store. However, you should only use the sample after careful review and adaptation to\u2026","rel":"","context":"Article similaire","block_context":{"text":"Article similaire","link":""},"img":{"alt_text":"","src":"","width":0,"height":0},"classes":[]}],"jetpack_sharing_enabled":true,"_links":{"self":[{"href":"https:\/\/kosmistoria.com\/fr\/wp-json\/wp\/v2\/pages\/853","targetHints":{"allow":["GET"]}}],"collection":[{"href":"https:\/\/kosmistoria.com\/fr\/wp-json\/wp\/v2\/pages"}],"about":[{"href":"https:\/\/kosmistoria.com\/fr\/wp-json\/wp\/v2\/types\/page"}],"author":[{"embeddable":true,"href":"https:\/\/kosmistoria.com\/fr\/wp-json\/wp\/v2\/users\/1"}],"replies":[{"embeddable":true,"href":"https:\/\/kosmistoria.com\/fr\/wp-json\/wp\/v2\/comments?post=853"}],"version-history":[{"count":8,"href":"https:\/\/kosmistoria.com\/fr\/wp-json\/wp\/v2\/pages\/853\/revisions"}],"predecessor-version":[{"id":2471,"href":"https:\/\/kosmistoria.com\/fr\/wp-json\/wp\/v2\/pages\/853\/revisions\/2471"}],"wp:attachment":[{"href":"https:\/\/kosmistoria.com\/fr\/wp-json\/wp\/v2\/media?parent=853"}],"curies":[{"name":"wp","href":"https:\/\/api.w.org\/{rel}","templated":true}]}}