{"id":102,"date":"2021-05-20T17:18:07","date_gmt":"2021-05-20T16:18:07","guid":{"rendered":"https:\/\/kosmistoria.com\/?post_type=product&#038;p=102"},"modified":"2025-01-07T19:50:17","modified_gmt":"2025-01-07T18:50:17","slug":"kosmistoria-reusable-bottle","status":"publish","type":"product","link":"https:\/\/kosmistoria.com\/fr\/produit\/kosmistoria-reusable-bottle\/","title":{"rendered":"Kosmistoria\u00ae Bouteille isotherme - Automne"},"content":{"rendered":"<h5>Kosmistoria\u00ae - Bouteille isotherme r\u00e9utilisable - Tasse \u00e0 caf\u00e9, th\u00e9 et eau - 500 ml - Tasse isotherme - Couvercle \u00e0 boire \u00e0 360\u00b0 - Ouverture et fermeture en un clic - 100 % \u00e9tanche - Sans PBA -  Acier inoxydable - Cadeau polyvalent - <a href=\"https:\/\/kosmistoria.com\/fr\/autumn\/\">Design Automne<\/a><\/h5>\n<p>En rappel de l'automne, avec cette bouteille Kosmistoria\u00ae, isotherme et r\u00e9utilisable, tu profiteras de la fonction d'ouverture et de fermeture d'une seule main, tout en travaillant, en conduisant, en t\u2019entra\u00eenant, en voyageant ou tout simplement en te relaxant. Le couvercle \u00e0 boire \u00e0 360\u00b0 te facilitera la t\u00e2che, plus besoin de chercher le point d\u2019ouverture et de retourner la bouteille ! Tu cliques et puis tu bois! Les yeux ferm\u00e9s, tout le monde peut le faire !<\/p>\n<p>Il est compos\u00e9 d'une double paroi en acier inoxydable, qui garde ta boisson froide jusqu'\u00e0 24 heures et chaude pendant environ 12 heures. Il convient aux amateurs de caf\u00e9 et de th\u00e9, \u00e0 l'eau ou \u00e0 toute boisson de ton choix. La conception robuste et la forme exclusive de notre bouteille la rendent polyvalente pour toute utilisation. Nous sommes tous uniques et nous l'utiliserons \u00e0 des fins diff\u00e9rentes.<\/p>\n<p>Le design joyeux apportera un sourire sur ton visage et sur ceux qui t\u2019entourent. Et en prime, en plus, le couvercle a une fonction miroir, pour les amoureux de soi !<\/p>\n<ul>\n<li>Design Kosmistoria\u00ae unique : Un automne color\u00e9<\/li>\n<li>Bouteille isotherme r\u00e9utilisable<\/li>\n<li>Couvercle \u00e0 ouverture et fermeture en un clic, ouverture \u00e0 360\u00b0 pour boire<\/li>\n<li>100% sans BPA<\/li>\n<li>Pratique pour toutes activit\u00e9s : sport, travail, voyage, d\u00e9tente, etc.<\/li>\n<li>Parfait pour toutes les boissons : caf\u00e9, th\u00e9, eau, etc.<\/li>\n<li>S'adapte \u00e0 la plupart des porte-gobelets<\/li>\n<li>Fonction miroir en bonus<\/li>\n<li>Double paroi inox 304 : garde chaud jusqu'\u00e0 12h et froid 18 \u00e0 24h<\/li>\n<li>Capacit\u00e9 500ml<\/li>\n<li>Lavage \u00e0 la main uniquement<\/li>\n<li>Emballage distinctif recyclable<\/li>\n<\/ul>","protected":false},"excerpt":{"rendered":"<h5>Le design joyeux imprim\u00e9 est un rappel de l'histoire de la vie pour nous tous.<\/h5>\n<h5>Choisis de rester hydrat\u00e9 avec notre ouverture et fermeture en un clic, \u00e0 360\u00b0.<\/h5>\n<h5>Il est isol\u00e9 et parfaitement adapt\u00e9 \u00e0 toutes tes boissons et activit\u00e9s.<\/h5>","protected":false},"featured_media":942,"comment_status":"open","ping_status":"closed","template":"","meta":[],"product_brand":[],"product_cat":[31],"product_tag":[],"class_list":{"0":"post-102","1":"product","2":"type-product","3":"status-publish","4":"has-post-thumbnail","6":"product_cat-season-edition","7":"col-md-6 col-sm-6","9":"first","10":"instock","11":"taxable","12":"shipping-taxable","13":"purchasable","14":"product-type-simple"},"aioseo_notices":[],"_links":{"self":[{"href":"https:\/\/kosmistoria.com\/fr\/wp-json\/wp\/v2\/product\/102","targetHints":{"allow":["GET"]}}],"collection":[{"href":"https:\/\/kosmistoria.com\/fr\/wp-json\/wp\/v2\/product"}],"about":[{"href":"https:\/\/kosmistoria.com\/fr\/wp-json\/wp\/v2\/types\/product"}],"replies":[{"embeddable":true,"href":"https:\/\/kosmistoria.com\/fr\/wp-json\/wp\/v2\/comments?post=102"}],"wp:featuredmedia":[{"embeddable":true,"href":"https:\/\/kosmistoria.com\/fr\/wp-json\/wp\/v2\/media\/942"}],"wp:attachment":[{"href":"https:\/\/kosmistoria.com\/fr\/wp-json\/wp\/v2\/media?parent=102"}],"wp:term":[{"taxonomy":"product_brand","embeddable":true,"href":"https:\/\/kosmistoria.com\/fr\/wp-json\/wp\/v2\/product_brand?post=102"},{"taxonomy":"product_cat","embeddable":true,"href":"https:\/\/kosmistoria.com\/fr\/wp-json\/wp\/v2\/product_cat?post=102"},{"taxonomy":"product_tag","embeddable":true,"href":"https:\/\/kosmistoria.com\/fr\/wp-json\/wp\/v2\/product_tag?post=102"}],"curies":[{"name":"wp","href":"https:\/\/api.w.org\/{rel}","templated":true}]}}