{"id":1272,"date":"2022-11-10T18:20:40","date_gmt":"2022-11-10T17:20:40","guid":{"rendered":"https:\/\/kosmistoria.com\/product\/kosmistoria-men-classic-cap\/"},"modified":"2025-01-07T21:14:38","modified_gmt":"2025-01-07T20:14:38","slug":"kosmistoria-men-classic-cap","status":"publish","type":"product","link":"https:\/\/kosmistoria.com\/fr\/produit\/kosmistoria-men-classic-cap\/","title":{"rendered":"Kosmistoria\u00ae &#8211; men classic cap"},"content":{"rendered":"<h5>Kosmistoria\u00ae &#8211; men classic trucker cap &#8211; for outdoor activities &#8211; \u00a0for gift and accessories<\/h5>\n<p>Cette casquette de camionneur \u00e0 six panneaux avec un dos en maille sera un choix confortable et classique pour compl\u00e9ter ton style.<\/p>\n<p>\u2022 60 % coton, 40 % polyester* (* Le pourcentage peut varier l\u00e9g\u00e8rement d'une casquette \u00e0 l'autre.)<br \/>\n\u2022 Casquette \u00e0 profil moyen<br \/>\n\u2022 Structur\u00e9e \u00e0 six panneaux<br \/>\n\u2022 Couronne 8,9 cm<br \/>\n\u2022 Panneaux avant en bougran rigide<br \/>\n\u2022 Arri\u00e8re en maille<br \/>\n\u2022 Visi\u00e8re incurv\u00e9e et couleur assorties sous la visi\u00e8re<br \/>\n\u2022 Serrage r\u00e9glable en plastique<br \/>\n\u2022 Tour de t\u00eate: 54,9 \u00e0 60 cm<br \/>\n\u2022 Produit vierge provenant du Vietnam ou du Bangladesh<\/p>\n<p>\u2022 Imprim\u00e9 en Europe**<\/p>\n<p>**Ce produit est fait sp\u00e9cialement pour toi d\u00e8s que tu passes commande, c'est pourquoi il nous faut un peu plus de temps pour te le livrer. Fabriquer des produits \u00e0 la demande plut\u00f4t qu'en vrac aide \u00e0 r\u00e9duire la surproduction, alors merci de prendre des d\u00e9cisions d'achat r\u00e9fl\u00e9chies !<\/p>","protected":false},"excerpt":{"rendered":"<h5>Faisons passer le message de faire partie de Kosmistoria\u00ae !<\/h5>\n<h5>Choisis notre casquette classique pour tes activit\u00e9s de plein air ou tout simplement comme accessoire, car elle est cool et styl\u00e9e.<\/h5>","protected":false},"featured_media":1277,"comment_status":"open","ping_status":"closed","template":"","meta":[],"product_brand":[],"product_cat":[50],"product_tag":[],"class_list":{"0":"post-1272","1":"product","2":"type-product","3":"status-publish","4":"has-post-thumbnail","6":"product_cat-our-caps","7":"col-md-6 col-sm-6","9":"first","10":"instock","11":"taxable","12":"shipping-taxable","13":"purchasable","14":"product-type-variable"},"aioseo_notices":[],"_links":{"self":[{"href":"https:\/\/kosmistoria.com\/fr\/wp-json\/wp\/v2\/product\/1272","targetHints":{"allow":["GET"]}}],"collection":[{"href":"https:\/\/kosmistoria.com\/fr\/wp-json\/wp\/v2\/product"}],"about":[{"href":"https:\/\/kosmistoria.com\/fr\/wp-json\/wp\/v2\/types\/product"}],"replies":[{"embeddable":true,"href":"https:\/\/kosmistoria.com\/fr\/wp-json\/wp\/v2\/comments?post=1272"}],"wp:featuredmedia":[{"embeddable":true,"href":"https:\/\/kosmistoria.com\/fr\/wp-json\/wp\/v2\/media\/1277"}],"wp:attachment":[{"href":"https:\/\/kosmistoria.com\/fr\/wp-json\/wp\/v2\/media?parent=1272"}],"wp:term":[{"taxonomy":"product_brand","embeddable":true,"href":"https:\/\/kosmistoria.com\/fr\/wp-json\/wp\/v2\/product_brand?post=1272"},{"taxonomy":"product_cat","embeddable":true,"href":"https:\/\/kosmistoria.com\/fr\/wp-json\/wp\/v2\/product_cat?post=1272"},{"taxonomy":"product_tag","embeddable":true,"href":"https:\/\/kosmistoria.com\/fr\/wp-json\/wp\/v2\/product_tag?post=1272"}],"curies":[{"name":"wp","href":"https:\/\/api.w.org\/{rel}","templated":true}]}}