{"id":2601,"date":"2023-07-16T15:20:55","date_gmt":"2023-07-16T14:20:55","guid":{"rendered":"https:\/\/kosmistoria.com\/product\/kosmistoria-mens-t-shirt-hiver-2\/"},"modified":"2024-09-24T00:19:15","modified_gmt":"2024-09-23T23:19:15","slug":"kosmistoria-mens-t-shirt-hiver-2","status":"publish","type":"product","link":"https:\/\/kosmistoria.com\/fr\/produit\/kosmistoria-mens-t-shirt-hiver-2\/","title":{"rendered":"Kosmistoria\u00ae \u2013men\u2019s t-shirt \u2013 Hiver"},"content":{"rendered":"<h5>Kosmistoria &#8211; unisex t-shirt &#8211; 100% organic cotton &#8211; unique design &#8211; Winter<\/h5>\n<p>Made from 100% organic ring-spun cotton, this unisex t-shirt is a total must-have. The Medium fit with finished hems and a round neckline, it\u2019s ready to pair with all your favourite outfits. It\u2019s high-quality, super comfy, and best of all \u2013 it\u2019s eco-friendly.<br \/>\n\u2022 Coton 100 % biologique fil\u00e9 \u00e0 l'anneau<br \/>\n\u2022 Poids du tissu : 180 g\/m\u00b2 (5,3 oz\/yd\u00b2)<br \/>\n\u2022 Jersey simple<br \/>\n\u2022 Coupe semi-ajust\u00e9e<br \/>\n\u2022 Manches mont\u00e9es<br \/>\n\u2022 Col en c\u00f4te 1\u00d71<br \/>\n\u2022 Large surpiq\u00fbre double sur les manches et les ourlets du bas<br \/>\n\u2022 Renfort assorti au cou (int\u00e9rieur, dos)<br \/>\n\u2022 Produit vierge provenant de Chine ou du Bangladesh<br \/>\nC'est un t-shirt standard unisexe. Les tailles correspondent \u00e0 une taille plus petite sur le march\u00e9 am\u00e9ricain, les clients am\u00e9ricains doivent donc commander une taille au-dessus.<br \/>\nCe produit est fabriqu\u00e9 sp\u00e9cialement pour toi d\u00e8s que  tu passes commande, c'est pourquoi il nous faut un peu plus de temps pour vous le livrer. Fabriquer des produits \u00e0 la demande plut\u00f4t qu'en gros aide \u00e0 r\u00e9duire la surproduction, alors merci de prendre des d\u00e9cisions d'achat r\u00e9fl\u00e9chies !<\/p>","protected":false},"excerpt":{"rendered":"<h5>Nos designs authentiques montrent des histoires de vie : nos histoires.<\/h5>\n<h5>Choisis celui-ci si tu t\u2019y reconnais.<\/h5>\n<h5>Les gens autour peuvent \u00e9galement s'y identifier et se sentir connect\u00e9s \u00e0 toi.<\/h5>","protected":false},"featured_media":2614,"comment_status":"open","ping_status":"closed","template":"","meta":[],"product_brand":[],"product_cat":[123],"product_tag":[],"class_list":{"0":"post-2601","1":"product","2":"type-product","3":"status-publish","4":"has-post-thumbnail","6":"product_cat-winter-design-for-men","7":"col-md-6 col-sm-6","9":"first","10":"instock","11":"taxable","12":"shipping-taxable","13":"purchasable","14":"product-type-variable"},"aioseo_notices":[],"jetpack-related-posts":[{"id":2286,"url":"https:\/\/kosmistoria.com\/fr\/produit\/kosmistoria-womens-t-shirt-cours-2\/","url_meta":{"origin":2601,"position":0},"title":"Kosmistoria\u00ae \u2013 women\u2019s t-shirt \u2013 Cours","author":"Laetitia R.","date":"juillet 14, 2023","format":false,"excerpt":"Kosmistoria - unisex t-shirt - 100% organic cotton - unique design - Run Made from 100% organic ring-spun cotton, this unisex t-shirt is a total must-have. The Medium fit with finished hems and a round neckline, it\u2019s ready to pair with all your favourite outfits. It\u2019s high-quality, super comfy, and\u2026","rel":"","context":"Article similaire","block_context":{"text":"Article similaire","link":""},"img":{"alt_text":"","src":"https:\/\/i0.wp.com\/kosmistoria.com\/wp-content\/uploads\/2023\/07\/unisex-organic-cotton-t-shirt-black-front-64b186dc50f30.jpg?fit=1200%2C1200&ssl=1&resize=350%2C200","width":350,"height":200,"srcset":"https:\/\/i0.wp.com\/kosmistoria.com\/wp-content\/uploads\/2023\/07\/unisex-organic-cotton-t-shirt-black-front-64b186dc50f30.jpg?fit=1200%2C1200&ssl=1&resize=350%2C200 1x, https:\/\/i0.wp.com\/kosmistoria.com\/wp-content\/uploads\/2023\/07\/unisex-organic-cotton-t-shirt-black-front-64b186dc50f30.jpg?fit=1200%2C1200&ssl=1&resize=525%2C300 1.5x, https:\/\/i0.wp.com\/kosmistoria.com\/wp-content\/uploads\/2023\/07\/unisex-organic-cotton-t-shirt-black-front-64b186dc50f30.jpg?fit=1200%2C1200&ssl=1&resize=700%2C400 2x, https:\/\/i0.wp.com\/kosmistoria.com\/wp-content\/uploads\/2023\/07\/unisex-organic-cotton-t-shirt-black-front-64b186dc50f30.jpg?fit=1200%2C1200&ssl=1&resize=1050%2C600 3x"},"classes":[]},{"id":2382,"url":"https:\/\/kosmistoria.com\/fr\/produit\/kosmistoria-womens-t-shirt-invierno-2\/","url_meta":{"origin":2601,"position":1},"title":"Kosmistoria\u00ae \u2013 women\u2019s t-shirt \u2013 Invierno","author":"Laetitia R.","date":"juillet 15, 2023","format":false,"excerpt":"Kosmistoria - unisex t-shirt - 100% organic cotton - unique design - Winter Made from 100% organic ring-spun cotton, this unisex t-shirt is a total must-have. The Medium fit with finished hems and a round neckline, it\u2019s ready to pair with all your favourite outfits. It\u2019s high-quality, super comfy, and\u2026","rel":"","context":"Article similaire","block_context":{"text":"Article similaire","link":""},"img":{"alt_text":"","src":"https:\/\/i0.wp.com\/kosmistoria.com\/wp-content\/uploads\/2023\/07\/unisex-organic-cotton-t-shirt-black-front-64b2a06ceaa89.jpg?fit=1200%2C1200&ssl=1&resize=350%2C200","width":350,"height":200,"srcset":"https:\/\/i0.wp.com\/kosmistoria.com\/wp-content\/uploads\/2023\/07\/unisex-organic-cotton-t-shirt-black-front-64b2a06ceaa89.jpg?fit=1200%2C1200&ssl=1&resize=350%2C200 1x, https:\/\/i0.wp.com\/kosmistoria.com\/wp-content\/uploads\/2023\/07\/unisex-organic-cotton-t-shirt-black-front-64b2a06ceaa89.jpg?fit=1200%2C1200&ssl=1&resize=525%2C300 1.5x, https:\/\/i0.wp.com\/kosmistoria.com\/wp-content\/uploads\/2023\/07\/unisex-organic-cotton-t-shirt-black-front-64b2a06ceaa89.jpg?fit=1200%2C1200&ssl=1&resize=700%2C400 2x, https:\/\/i0.wp.com\/kosmistoria.com\/wp-content\/uploads\/2023\/07\/unisex-organic-cotton-t-shirt-black-front-64b2a06ceaa89.jpg?fit=1200%2C1200&ssl=1&resize=1050%2C600 3x"},"classes":[]},{"id":2511,"url":"https:\/\/kosmistoria.com\/fr\/produit\/kosmistoria-mens-t-shirt-laufen-2\/","url_meta":{"origin":2601,"position":2},"title":"Kosmistoria\u00ae \u2013 men\u2019s t-shirt \u2013 Laufen","author":"Laetitia R.","date":"juillet 16, 2023","format":false,"excerpt":"Kosmistoria - unisex t-shirt - 100% organic cotton - unique design - Run Made from 100% organic ring-spun cotton, this unisex t-shirt is a total must-have. The Medium fit with finished hems and a round neckline, it\u2019s ready to pair with all your favourite outfits. It\u2019s high-quality, super comfy, and\u2026","rel":"","context":"Article similaire","block_context":{"text":"Article similaire","link":""},"img":{"alt_text":"","src":"https:\/\/i0.wp.com\/kosmistoria.com\/wp-content\/uploads\/2023\/07\/unisex-organic-cotton-t-shirt-black-front-64b3cdb0e2455.jpg?fit=1200%2C1200&ssl=1&resize=350%2C200","width":350,"height":200,"srcset":"https:\/\/i0.wp.com\/kosmistoria.com\/wp-content\/uploads\/2023\/07\/unisex-organic-cotton-t-shirt-black-front-64b3cdb0e2455.jpg?fit=1200%2C1200&ssl=1&resize=350%2C200 1x, https:\/\/i0.wp.com\/kosmistoria.com\/wp-content\/uploads\/2023\/07\/unisex-organic-cotton-t-shirt-black-front-64b3cdb0e2455.jpg?fit=1200%2C1200&ssl=1&resize=525%2C300 1.5x, https:\/\/i0.wp.com\/kosmistoria.com\/wp-content\/uploads\/2023\/07\/unisex-organic-cotton-t-shirt-black-front-64b3cdb0e2455.jpg?fit=1200%2C1200&ssl=1&resize=700%2C400 2x, https:\/\/i0.wp.com\/kosmistoria.com\/wp-content\/uploads\/2023\/07\/unisex-organic-cotton-t-shirt-black-front-64b3cdb0e2455.jpg?fit=1200%2C1200&ssl=1&resize=1050%2C600 3x"},"classes":[]},{"id":2530,"url":"https:\/\/kosmistoria.com\/fr\/produit\/kosmistoria-mens-t-shirt-run\/","url_meta":{"origin":2601,"position":3},"title":"Kosmistoria\u00ae \u2013 men\u2019s t-shirt \u2013 Run","author":"Laetitia R.","date":"juillet 16, 2023","format":false,"excerpt":"Our authentic designs show life stories: our stories. Choose this one if you relate to the story. The people around also may relate to it and feel connected to you.","rel":"","context":"Article similaire","block_context":{"text":"Article similaire","link":""},"img":{"alt_text":"","src":"https:\/\/i0.wp.com\/kosmistoria.com\/wp-content\/uploads\/2023\/07\/unisex-organic-cotton-t-shirt-black-front-64b3d4187f5dc.jpg?fit=1200%2C1200&ssl=1&resize=350%2C200","width":350,"height":200,"srcset":"https:\/\/i0.wp.com\/kosmistoria.com\/wp-content\/uploads\/2023\/07\/unisex-organic-cotton-t-shirt-black-front-64b3d4187f5dc.jpg?fit=1200%2C1200&ssl=1&resize=350%2C200 1x, https:\/\/i0.wp.com\/kosmistoria.com\/wp-content\/uploads\/2023\/07\/unisex-organic-cotton-t-shirt-black-front-64b3d4187f5dc.jpg?fit=1200%2C1200&ssl=1&resize=525%2C300 1.5x, https:\/\/i0.wp.com\/kosmistoria.com\/wp-content\/uploads\/2023\/07\/unisex-organic-cotton-t-shirt-black-front-64b3d4187f5dc.jpg?fit=1200%2C1200&ssl=1&resize=700%2C400 2x, https:\/\/i0.wp.com\/kosmistoria.com\/wp-content\/uploads\/2023\/07\/unisex-organic-cotton-t-shirt-black-front-64b3d4187f5dc.jpg?fit=1200%2C1200&ssl=1&resize=1050%2C600 3x"},"classes":[]},{"id":2200,"url":"https:\/\/kosmistoria.com\/fr\/produit\/kosmistoria-womens-t-shirt-herbst-2\/","url_meta":{"origin":2601,"position":4},"title":"Kosmistoria\u00ae \u2013 women\u2019s t-shirt \u2013 Herbst","author":"Laetitia R.","date":"juillet 14, 2023","format":false,"excerpt":"Our authentic designs show life stories: our stories. Choose this one if you relate to the story. The people around also may relate to it and feel connected to you.","rel":"","context":"Article similaire","block_context":{"text":"Article similaire","link":""},"img":{"alt_text":"","src":"https:\/\/i0.wp.com\/kosmistoria.com\/wp-content\/uploads\/2023\/07\/unisex-organic-cotton-t-shirt-black-front-64b171bfc49b3.jpg?fit=1200%2C1200&ssl=1&resize=350%2C200","width":350,"height":200,"srcset":"https:\/\/i0.wp.com\/kosmistoria.com\/wp-content\/uploads\/2023\/07\/unisex-organic-cotton-t-shirt-black-front-64b171bfc49b3.jpg?fit=1200%2C1200&ssl=1&resize=350%2C200 1x, https:\/\/i0.wp.com\/kosmistoria.com\/wp-content\/uploads\/2023\/07\/unisex-organic-cotton-t-shirt-black-front-64b171bfc49b3.jpg?fit=1200%2C1200&ssl=1&resize=525%2C300 1.5x, https:\/\/i0.wp.com\/kosmistoria.com\/wp-content\/uploads\/2023\/07\/unisex-organic-cotton-t-shirt-black-front-64b171bfc49b3.jpg?fit=1200%2C1200&ssl=1&resize=700%2C400 2x, https:\/\/i0.wp.com\/kosmistoria.com\/wp-content\/uploads\/2023\/07\/unisex-organic-cotton-t-shirt-black-front-64b171bfc49b3.jpg?fit=1200%2C1200&ssl=1&resize=1050%2C600 3x"},"classes":[]},{"id":2217,"url":"https:\/\/kosmistoria.com\/fr\/produit\/kosmistoria-womens-t-shirt-automne\/","url_meta":{"origin":2601,"position":5},"title":"Kosmistoria\u00ae \u2013 women\u2019s t-shirt \u2013 Automne","author":"Laetitia R.","date":"juillet 14, 2023","format":false,"excerpt":"Our authentic designs show life stories: our stories. Choose this one if you relate to the story. The people around also may relate to it and feel connected to you.","rel":"","context":"Article similaire","block_context":{"text":"Article similaire","link":""},"img":{"alt_text":"","src":"https:\/\/i0.wp.com\/kosmistoria.com\/wp-content\/uploads\/2023\/07\/unisex-organic-cotton-t-shirt-black-front-64b1721f5c58f.jpg?fit=1200%2C1200&ssl=1&resize=350%2C200","width":350,"height":200,"srcset":"https:\/\/i0.wp.com\/kosmistoria.com\/wp-content\/uploads\/2023\/07\/unisex-organic-cotton-t-shirt-black-front-64b1721f5c58f.jpg?fit=1200%2C1200&ssl=1&resize=350%2C200 1x, https:\/\/i0.wp.com\/kosmistoria.com\/wp-content\/uploads\/2023\/07\/unisex-organic-cotton-t-shirt-black-front-64b1721f5c58f.jpg?fit=1200%2C1200&ssl=1&resize=525%2C300 1.5x, https:\/\/i0.wp.com\/kosmistoria.com\/wp-content\/uploads\/2023\/07\/unisex-organic-cotton-t-shirt-black-front-64b1721f5c58f.jpg?fit=1200%2C1200&ssl=1&resize=700%2C400 2x, https:\/\/i0.wp.com\/kosmistoria.com\/wp-content\/uploads\/2023\/07\/unisex-organic-cotton-t-shirt-black-front-64b1721f5c58f.jpg?fit=1200%2C1200&ssl=1&resize=1050%2C600 3x"},"classes":[]}],"jetpack_sharing_enabled":true,"_links":{"self":[{"href":"https:\/\/kosmistoria.com\/fr\/wp-json\/wp\/v2\/product\/2601","targetHints":{"allow":["GET"]}}],"collection":[{"href":"https:\/\/kosmistoria.com\/fr\/wp-json\/wp\/v2\/product"}],"about":[{"href":"https:\/\/kosmistoria.com\/fr\/wp-json\/wp\/v2\/types\/product"}],"replies":[{"embeddable":true,"href":"https:\/\/kosmistoria.com\/fr\/wp-json\/wp\/v2\/comments?post=2601"}],"wp:featuredmedia":[{"embeddable":true,"href":"https:\/\/kosmistoria.com\/fr\/wp-json\/wp\/v2\/media\/2614"}],"wp:attachment":[{"href":"https:\/\/kosmistoria.com\/fr\/wp-json\/wp\/v2\/media?parent=2601"}],"wp:term":[{"taxonomy":"product_brand","embeddable":true,"href":"https:\/\/kosmistoria.com\/fr\/wp-json\/wp\/v2\/product_brand?post=2601"},{"taxonomy":"product_cat","embeddable":true,"href":"https:\/\/kosmistoria.com\/fr\/wp-json\/wp\/v2\/product_cat?post=2601"},{"taxonomy":"product_tag","embeddable":true,"href":"https:\/\/kosmistoria.com\/fr\/wp-json\/wp\/v2\/product_tag?post=2601"}],"curies":[{"name":"wp","href":"https:\/\/api.w.org\/{rel}","templated":true}]}}