{"id":3147,"date":"2024-10-27T12:10:20","date_gmt":"2024-10-27T11:10:20","guid":{"rendered":"https:\/\/kosmistoria.com\/product\/kosmistoria-notebook-funny-blue\/"},"modified":"2025-01-31T17:01:28","modified_gmt":"2025-01-31T16:01:28","slug":"kosmistoria-notebook-funny-blue","status":"publish","type":"product","link":"https:\/\/kosmistoria.com\/fr\/produit\/kosmistoria-notebook-funny-blue\/","title":{"rendered":"Kosmistoria\u00ae \u2013 Journal \u2013 Funny Blue"},"content":{"rendered":"<h5>Kosmistoria\u00ae - Carnet de notes - Journal - Agenda - D\u00e9veloppement personnel - Cadeau polyvalent - <a href=\"https:\/\/kosmistoria.com\/fr\/laughing\/\">Schtoumpie\u00a9 est mort de rire<\/a><\/h5>\n<p>Un bon carnet peut t\u2019aider \u00e0 \u00eatre motiv\u00e9 \u00e0 prendre plus de notes, \u00e0 \u00e9crire des id\u00e9es ou \u00e0 dresser la liste de vos r\u00eaves futurs. Les pages pointill\u00e9es le rendent polyvalent. En tant qu'agenda, carnet de notes ou carnet de dessins, il r\u00e9pondra \u00e0 tous les besoins. Ce carnet \u00e0 reliure m\u00e9tallique sera un excellent compagnon du quotidien lorsque tu auras besoin de mettre tes pens\u00e9es sur papier !<\/p>\n<p class=\"translation-block\">\u2022 Couvertures avec un rev\u00eatement doux au toucher\n\u2022 Reliure m\u00e9tallique\n\u2022 140 pages pointill\u00e9es\n\u2022 Poids de la couverture : 352 g\/m\u00b2 (10,38 oz\/yd\u00b2)\n\u2022 Poids de la page : 89 g\/m\u00b2 (2,62 oz\/yd\u00b2)\n\u2022 Les carnets produits aux \u00c9tats-Unis mesurent 13 \u00d7 21 cm (5,5\u2033 \u00d7 8,5\u2033)\n\u2022 Les carnets remplis en Europe mesurent 14,5 \u00d7 21 cm (5,7\u2033 \u00d7 8,5\u2033)\n\u2022 Produit vierge provenant des \u00c9tats-Unis et de la Su\u00e8de<\/p>\n<p>Ce produit est fabriqu\u00e9 sp\u00e9cialement pour toi d\u00e8s que  tu passes commande, c'est pourquoi il nous faut un peu plus de temps pour vous le livrer. Fabriquer des produits \u00e0 la demande plut\u00f4t qu'en gros aide \u00e0 r\u00e9duire la surproduction, alors merci de prendre des d\u00e9cisions d'achat r\u00e9fl\u00e9chies !<\/p>","protected":false},"excerpt":{"rendered":"<p class=\"translation-block\"><strong>Note, dans ton journal, les anecdotes dr\u00f4les<\/strong> qui t\u2019ont fait rire. Plus tard, tu pourras prendre ta dose quotidienne de rire en les lisant. Alors : <strong>Qu\u2019est-ce qui te fait rire ? Raconte !<\/strong><\/p>","protected":false},"featured_media":3149,"comment_status":"open","ping_status":"closed","template":"","meta":[],"product_brand":[],"product_cat":[130],"product_tag":[],"class_list":{"0":"post-3147","1":"product","2":"type-product","3":"status-publish","4":"has-post-thumbnail","6":"product_cat-our-journals","7":"col-md-6 col-sm-6","9":"first","10":"instock","11":"taxable","12":"shipping-taxable","13":"purchasable","14":"product-type-simple"},"aioseo_notices":[],"_links":{"self":[{"href":"https:\/\/kosmistoria.com\/fr\/wp-json\/wp\/v2\/product\/3147","targetHints":{"allow":["GET"]}}],"collection":[{"href":"https:\/\/kosmistoria.com\/fr\/wp-json\/wp\/v2\/product"}],"about":[{"href":"https:\/\/kosmistoria.com\/fr\/wp-json\/wp\/v2\/types\/product"}],"replies":[{"embeddable":true,"href":"https:\/\/kosmistoria.com\/fr\/wp-json\/wp\/v2\/comments?post=3147"}],"wp:featuredmedia":[{"embeddable":true,"href":"https:\/\/kosmistoria.com\/fr\/wp-json\/wp\/v2\/media\/3149"}],"wp:attachment":[{"href":"https:\/\/kosmistoria.com\/fr\/wp-json\/wp\/v2\/media?parent=3147"}],"wp:term":[{"taxonomy":"product_brand","embeddable":true,"href":"https:\/\/kosmistoria.com\/fr\/wp-json\/wp\/v2\/product_brand?post=3147"},{"taxonomy":"product_cat","embeddable":true,"href":"https:\/\/kosmistoria.com\/fr\/wp-json\/wp\/v2\/product_cat?post=3147"},{"taxonomy":"product_tag","embeddable":true,"href":"https:\/\/kosmistoria.com\/fr\/wp-json\/wp\/v2\/product_tag?post=3147"}],"curies":[{"name":"wp","href":"https:\/\/api.w.org\/{rel}","templated":true}]}}