{"id":3302,"date":"2025-01-07T22:55:52","date_gmt":"2025-01-07T21:55:52","guid":{"rendered":"https:\/\/kosmistoria.com\/?post_type=product&#038;p=3302"},"modified":"2025-02-09T01:41:55","modified_gmt":"2025-02-09T00:41:55","slug":"kosmistoria-natural-soothing-cream-aie-ouille-ouch","status":"publish","type":"product","link":"https:\/\/kosmistoria.com\/fr\/produit\/kosmistoria-natural-soothing-cream-aie-ouille-ouch\/","title":{"rendered":"Kosmistoria\u00ae-Baume Naturel-Calmant-A\u00efe ! Ouille ! Ouch !"},"content":{"rendered":"<h5>Kosmistoria\u00ae-Soothing Balm-15ml-Natural-Cream-Healing properties-with Lavender essential oil-Bee wax-Olive oil-Multipurpose gift-<a href=\"https:\/\/kosmistoria.com\/fr\/when-its-aie-ouille-ouch\/\">Design A\u00efe!Ouille!Ouch!<\/a><\/h5>\n<p>Tout le monde aurait certainement besoin d\u2019un baume qui gu\u00e9rit de nombreuses plaies.<\/p>\n<p>En appliquant ce baume sur votre peau juste apr\u00e8s une coupure, une br\u00fblure, une piq\u00fbre ou une morsure, vous aiderez votre peau \u00e0 cicatriser en douceur et sans douleur. Vos l\u00e8vres vous remercieront \u00e9galement, si vous en appliquez r\u00e9guli\u00e8rement.<\/p>\n<p>Nous l'emmenons partout avec nous. Il y en a toujours un dans la voiture. Et chacun d'entre nous en porte un dans sa poche.<\/p>\n<p>Chacun est capable, de mani\u00e8re autonome, d\u2019apaiser et de soigner sa peau dans le calme et la s\u00e9r\u00e9nit\u00e9, en utilisant le pouvoir de la Nature.<\/p>\n<p><strong>LES INGR\u00c9DIENTS<\/strong><\/p>\n<p>Cire d'abeille : Un cadeau de la nature.<\/p>\n<p>Huile d'olive : Elle est l'une des meilleures huiles pour le soin de la peau.<\/p>\n<p>Huile essentielle : Utilise les pouvoirs curatifs d\u2019une plante.<\/p>\n<p>Lavande : Propri\u00e9t\u00e9s calmantes, cicatrisantes, anti-inflammatoires, antibact\u00e9riennes, antivirales et anti-infectieuses.<\/p>\n<p>Amour : Et bien s\u00fbr, le baume est fait avec beaucoup d'amour !<\/p>\n<p>Il vous prot\u00e8ge toute l\u2019ann\u00e9e.<\/p>\n<p><strong>MODE D\u2019UTILISATION<\/strong><\/p>\n<p>Apr\u00e8s une piq\u00fbre d'insecte, appliquer g\u00e9n\u00e9reusement imm\u00e9diatement.<\/p>\n<p>Pour une cicatrisation plus rapide, renouveler l\u2019application plus souvent.<\/p>\n<p>Pour un meilleur sommeil, appliquer un peu de baume sur le nez et sur la partie int\u00e9rieure des poignets.<\/p>\n<p>Autres utilisations possibles : br\u00fblure, coupure, \u00e9gratignure, bouton, l\u00e8vre s\u00e8che, etc.<\/p>","protected":false},"excerpt":{"rendered":"<p class=\"translation-block\"><strong>Vous appliquez ce baume<\/strong> lorsque vous ressentez <strong>\u00ab A\u00efe ! Ouille ! Ouch ! \u00bb<\/strong>, ce qui signifie que vous avez une <strong>\u00e9gratignure<\/strong>, une <strong>br\u00fblure<\/strong>, une <strong>coupure<\/strong>, une <strong>piq\u00fbre<\/strong>, une <strong>morsure<\/strong> ou des <strong>l\u00e8vres s\u00e8ches<\/strong>, etc.<\/p>\n<p class=\"translation-block\">Notre <strong>baume calmant fait maison<\/strong>, \u00e0 base <strong>d'ingr\u00e9dients naturels<\/strong>, comme <strong>l'huile essentielle de lavande<\/strong>, est un <strong>compagnon apaisant et favorable<\/strong> \u00e0 votre <strong>vie quotidienne<\/strong>.<\/p>","protected":false},"featured_media":3303,"comment_status":"open","ping_status":"closed","template":"","meta":[],"product_brand":[],"product_cat":[134],"product_tag":[],"class_list":{"0":"post-3302","1":"product","2":"type-product","3":"status-publish","4":"has-post-thumbnail","6":"product_cat-our-natural-balms","7":"col-md-6 col-sm-6","9":"first","10":"instock","11":"taxable","12":"shipping-taxable","13":"purchasable","14":"product-type-simple"},"aioseo_notices":[],"_links":{"self":[{"href":"https:\/\/kosmistoria.com\/fr\/wp-json\/wp\/v2\/product\/3302","targetHints":{"allow":["GET"]}}],"collection":[{"href":"https:\/\/kosmistoria.com\/fr\/wp-json\/wp\/v2\/product"}],"about":[{"href":"https:\/\/kosmistoria.com\/fr\/wp-json\/wp\/v2\/types\/product"}],"replies":[{"embeddable":true,"href":"https:\/\/kosmistoria.com\/fr\/wp-json\/wp\/v2\/comments?post=3302"}],"wp:featuredmedia":[{"embeddable":true,"href":"https:\/\/kosmistoria.com\/fr\/wp-json\/wp\/v2\/media\/3303"}],"wp:attachment":[{"href":"https:\/\/kosmistoria.com\/fr\/wp-json\/wp\/v2\/media?parent=3302"}],"wp:term":[{"taxonomy":"product_brand","embeddable":true,"href":"https:\/\/kosmistoria.com\/fr\/wp-json\/wp\/v2\/product_brand?post=3302"},{"taxonomy":"product_cat","embeddable":true,"href":"https:\/\/kosmistoria.com\/fr\/wp-json\/wp\/v2\/product_cat?post=3302"},{"taxonomy":"product_tag","embeddable":true,"href":"https:\/\/kosmistoria.com\/fr\/wp-json\/wp\/v2\/product_tag?post=3302"}],"curies":[{"name":"wp","href":"https:\/\/api.w.org\/{rel}","templated":true}]}}