{"id":3312,"date":"2025-01-07T23:42:56","date_gmt":"2025-01-07T22:42:56","guid":{"rendered":"https:\/\/kosmistoria.com\/?post_type=product&#038;p=3312"},"modified":"2025-02-09T01:40:48","modified_gmt":"2025-02-09T00:40:48","slug":"kosmistoria-natural-revitalizing-balm-pfff","status":"publish","type":"product","link":"https:\/\/kosmistoria.com\/fr\/produit\/kosmistoria-natural-revitalizing-balm-pfff\/","title":{"rendered":"Kosmistoria\u00ae-Baume Naturel-Revitalisant-Pfff..."},"content":{"rendered":"<h5>Kosmistoria\u00ae-Revitalizing Balm-30ml-Natural-Cream-Healing properties-with Ravintsara essential oil-Bee wax-Olive oil-Multipurpose gift-<a href=\"https:\/\/kosmistoria.com\/fr\/when-you-feel-like-pfff\/\">Design Pfff&#8230;<\/a><\/h5>\n<p>Il s'agit d'un baume \u00e0 l\u2019ar\u00f4me rafra\u00eechissant semblable \u00e0 celui de l'eucalyptus, qui gu\u00e9rit presque miraculeusement vos plaies. Qui n'en aurait pas besoin ?<\/p>\n<p>En appliquer d\u00e8s les premiers sympt\u00f4mes de la grippe peut aider. Et un massage sur la zone tendue est l'un des meilleurs moyens de la gu\u00e9rir.<\/p>\n<p>Chacun est capable de gu\u00e9rir ses plaies de mani\u00e8re autonome, en utilisant des produits naturels. Nous pouvons affirmer sans h\u00e9siter que la nature a un pouvoir de gu\u00e9rison. Et nous pouvons tous l'utiliser !<\/p>\n<p><strong>LES INGR\u00c9DIENTS<\/strong><\/p>\n<p>Cire d'abeille : Un cadeau de la nature.<\/p>\n<p>Huile d'olive : Elle est l'une des meilleures huiles pour le soin de la peau.<\/p>\n<p>Huile essentielle : Utilise les pouvoirs curatifs d\u2019une plante.<\/p>\n<p>Ravintsara : signifiant \u00ab bonne feuille \u00bb, est un arbre m\u00e9dicinal contre de nombreuses maladies, et est utilis\u00e9 pour pr\u00e9venir et traiter les infections respiratoires virales.<\/p>\n<p>Lavande : Propri\u00e9t\u00e9s calmantes, cicatrisantes, anti-inflammatoires, antibact\u00e9riennes, antivirales et anti-infectieuses.<\/p>\n<p>Amour : Et bien s\u00fbr, le baume est fait avec beaucoup d'amour !<\/p>\n<p><strong>RECOMMAND\u00c9 POUR :<\/strong><\/p>\n<p>Renforcer l\u2019immunit\u00e9<\/p>\n<p>Respiration claire<\/p>\n<p>Plus de concentration<\/p>\n<p>Motiver et encourager<\/p>\n<p>D\u00e9tendre les muscles<\/p>\n<p>Soulager la fatigue<\/p>\n<p><strong>MODE D\u2019UTILISATION<\/strong><\/p>\n<p>Frotter l\u00e9g\u00e8rement du baume sur la zone du nez et sur la partie int\u00e9rieure des poignets.<\/p>\n<p>Renouveler le plus souvent l\u2019application pour une meilleure efficacit\u00e9.<\/p>\n<p>Appliquer un peu de baume sur la zone musculaire tendue et masser quelques minutes.<\/p>\n<p>Appliquer du baume sur la nuque et le haut du dos et masser quelques minutes.<\/p>\n<p>Appliquer r\u00e9guli\u00e8rement et d\u00e8s les premiers sympt\u00f4mes.<\/p>","protected":false},"excerpt":{"rendered":"<p class=\"translation-block\"><strong>Vous appliquez ce baume<\/strong> lorsque vous ressentez <strong>\u00ab Pfff... \u00bb<\/strong>, ce qui signifie que vous vous sentez \u00e9puis\u00e9 ou lorsque <strong>le cou et les \u00e9paules sont tendus<\/strong>.<\/p>\n<p class=\"translation-block\">Notre <strong>baume revitalisant fait maison<\/strong>, \u00e0 base <strong>d'ingr\u00e9dients naturels<\/strong>, comme <strong>l'huile essentielle de Ravintsara<\/strong>, est un <strong>outil pr\u00e9cieux pour soigner<\/strong> vos <strong>bobos corporels<\/strong>.<\/p>","protected":false},"featured_media":3357,"comment_status":"open","ping_status":"closed","template":"","meta":[],"product_brand":[],"product_cat":[134],"product_tag":[],"class_list":{"0":"post-3312","1":"product","2":"type-product","3":"status-publish","4":"has-post-thumbnail","6":"product_cat-our-natural-balms","7":"col-md-6 col-sm-6","9":"first","10":"instock","11":"taxable","12":"shipping-taxable","13":"purchasable","14":"product-type-simple"},"aioseo_notices":[],"_links":{"self":[{"href":"https:\/\/kosmistoria.com\/fr\/wp-json\/wp\/v2\/product\/3312","targetHints":{"allow":["GET"]}}],"collection":[{"href":"https:\/\/kosmistoria.com\/fr\/wp-json\/wp\/v2\/product"}],"about":[{"href":"https:\/\/kosmistoria.com\/fr\/wp-json\/wp\/v2\/types\/product"}],"replies":[{"embeddable":true,"href":"https:\/\/kosmistoria.com\/fr\/wp-json\/wp\/v2\/comments?post=3312"}],"wp:featuredmedia":[{"embeddable":true,"href":"https:\/\/kosmistoria.com\/fr\/wp-json\/wp\/v2\/media\/3357"}],"wp:attachment":[{"href":"https:\/\/kosmistoria.com\/fr\/wp-json\/wp\/v2\/media?parent=3312"}],"wp:term":[{"taxonomy":"product_brand","embeddable":true,"href":"https:\/\/kosmistoria.com\/fr\/wp-json\/wp\/v2\/product_brand?post=3312"},{"taxonomy":"product_cat","embeddable":true,"href":"https:\/\/kosmistoria.com\/fr\/wp-json\/wp\/v2\/product_cat?post=3312"},{"taxonomy":"product_tag","embeddable":true,"href":"https:\/\/kosmistoria.com\/fr\/wp-json\/wp\/v2\/product_tag?post=3312"}],"curies":[{"name":"wp","href":"https:\/\/api.w.org\/{rel}","templated":true}]}}