{"id":3318,"date":"2025-01-08T00:16:18","date_gmt":"2025-01-07T23:16:18","guid":{"rendered":"https:\/\/kosmistoria.com\/?post_type=product&#038;p=3318"},"modified":"2025-02-09T01:39:43","modified_gmt":"2025-02-09T00:39:43","slug":"kosmistoria-natural-balm-60ml-mosquito-repellent-bzzz","status":"publish","type":"product","link":"https:\/\/kosmistoria.com\/fr\/produit\/kosmistoria-natural-balm-60ml-mosquito-repellent-bzzz\/","title":{"rendered":"Kosmistoria\u00ae-Baume naturel-Anti-Moustique-Bzzz..."},"content":{"rendered":"<h5>Kosmistoria\u00ae-Mosquito Repellent Balm-60ml-Natural-Cream-Healing properties-with selected essential oils-Bee wax-Olive oil-Multipurpose gift-<a href=\"https:\/\/kosmistoria.com\/fr\/when-you-hear-bzzz\/\">Design Bzzz&#8230;<\/a><\/h5>\n<p>Il existe de nombreuses fa\u00e7ons d'\u00e9viter les piq\u00fbres de moustiques. L'une d'entre elles consiste \u00e0 appliquer un baume anti-moustique avant d'aller au barbecue le soir, par exemple. L\u2019ar\u00f4me de l'huile essentielle les repoussera et fera de vous leur derni\u00e8re victime de la soir\u00e9e :)<\/p>\n<p>Chacun est capable de se prot\u00e9ger des piq\u00fbres de moustiques de fa\u00e7on autonome, en utilisant un baume naturel. C'est un moyen efficace.<\/p>\n<p><strong>LES INGR\u00c9DIENTS<\/strong><\/p>\n<p>Cire d'abeille : Un cadeau de la nature.<\/p>\n<p>Huile d'olive : Elle est l'une des meilleures huiles pour le soin de la peau.<\/p>\n<p>Huile essentielle : Utilise les pouvoirs curatifs d\u2019une plante.<\/p>\n<p>Citronnelle : En plus de ses utilisations culinaires et m\u00e9dicinales, elle est connue pour ses propri\u00e9t\u00e9s insectifuges.<\/p>\n<p>Lavande : En plus de ses propri\u00e9t\u00e9s calmantes et cicatrisantes, c'est une plante antibact\u00e9rienne, antivirale et insectifuge.<\/p>\n<p>Le m\u00e9lange de lavande et de citronnelle renforce l'effet r\u00e9pulsif.<\/p>\n<p>Le m\u00e9lange de lavande et de citronnelle renforce l'effet r\u00e9pulsif.<\/p>\n<p>Amour : Et bien s\u00fbr, le baume est fait avec beaucoup d'amour !<\/p>\n<p><strong>MODE D\u2019UTILISATION<\/strong><\/p>\n<p>Il est conseill\u00e9 pour vraiment profiter de l'\u00e9t\u00e9.<\/p>\n<p>Utiliser imm\u00e9diatement apr\u00e8s la baignade, le bain ou la douche.<\/p>\n<p>Appliquer sur la peau avant une soir\u00e9e, un barbecue ou une promenade en for\u00eat.<\/p>\n<p>Renouveler l'application plus souvent pour une meilleure protection.<\/p>","protected":false},"excerpt":{"rendered":"<p class=\"translation-block\"><strong>Vous appliquez ce baume avant<\/strong> d'entendre <strong>\u00ab Bzzz... \u00bb<\/strong>, c'est-\u00e0-dire <strong>avant que les moustiques viennent<\/strong> vous attraper.<\/p>\n<p class=\"translation-block\">Notre <strong>baume anti-moustique fait maison<\/strong>, \u00e0 base d'ingr\u00e9dients naturels, tels que les <strong>huiles essentielles de <strong>Citronnelle et de Lavande<\/strong>, est un <strong>incontournable<\/strong>, si vous souhaitez <strong>mieux profiter des journ\u00e9es chaudes<\/strong>.<\/p>","protected":false},"featured_media":3319,"comment_status":"open","ping_status":"closed","template":"","meta":[],"product_brand":[],"product_cat":[134],"product_tag":[],"class_list":{"0":"post-3318","1":"product","2":"type-product","3":"status-publish","4":"has-post-thumbnail","6":"product_cat-our-natural-balms","7":"col-md-6 col-sm-6","9":"first","10":"instock","11":"taxable","12":"shipping-taxable","13":"purchasable","14":"product-type-simple"},"aioseo_notices":[],"_links":{"self":[{"href":"https:\/\/kosmistoria.com\/fr\/wp-json\/wp\/v2\/product\/3318","targetHints":{"allow":["GET"]}}],"collection":[{"href":"https:\/\/kosmistoria.com\/fr\/wp-json\/wp\/v2\/product"}],"about":[{"href":"https:\/\/kosmistoria.com\/fr\/wp-json\/wp\/v2\/types\/product"}],"replies":[{"embeddable":true,"href":"https:\/\/kosmistoria.com\/fr\/wp-json\/wp\/v2\/comments?post=3318"}],"wp:featuredmedia":[{"embeddable":true,"href":"https:\/\/kosmistoria.com\/fr\/wp-json\/wp\/v2\/media\/3319"}],"wp:attachment":[{"href":"https:\/\/kosmistoria.com\/fr\/wp-json\/wp\/v2\/media?parent=3318"}],"wp:term":[{"taxonomy":"product_brand","embeddable":true,"href":"https:\/\/kosmistoria.com\/fr\/wp-json\/wp\/v2\/product_brand?post=3318"},{"taxonomy":"product_cat","embeddable":true,"href":"https:\/\/kosmistoria.com\/fr\/wp-json\/wp\/v2\/product_cat?post=3318"},{"taxonomy":"product_tag","embeddable":true,"href":"https:\/\/kosmistoria.com\/fr\/wp-json\/wp\/v2\/product_tag?post=3318"}],"curies":[{"name":"wp","href":"https:\/\/api.w.org\/{rel}","templated":true}]}}