{"id":3381,"date":"2025-02-02T12:39:50","date_gmt":"2025-02-02T11:39:50","guid":{"rendered":"https:\/\/kosmistoria.com\/product\/kosmistoria-sport-bag-life-in-rainbow\/"},"modified":"2025-02-09T01:49:41","modified_gmt":"2025-02-09T00:49:41","slug":"kosmistoria-sport-bag-life-in-rainbow","status":"publish","type":"product","link":"https:\/\/kosmistoria.com\/fr\/produit\/kosmistoria-sport-bag-life-in-rainbow\/","title":{"rendered":"Kosmistoria\u00ae \u2013 Sac de sport \u2013 Life in Rainbow"},"content":{"rendered":"<h5>Kosmistoria\u00ae \u2013 Sac de sport \u2013 Sac de gym \u2013 Sac de fitness \u2013 <a href=\"https:\/\/kosmistoria.com\/fr\/celebrating\/\">Schtoumpie\u00a9 est en train de c\u00e9l\u00e9brer<\/a><\/h5>\n<p>Pr\u00eat pour garder la forme ? Ajoute du punch \u00e0 vos s\u00e9ances de sport avec notre sac \u00e0 design unique. Fabriqu\u00e9 \u00e0 100 % polyester, en tissu robuste et r\u00e9sistant \u00e0 l'eau, ce sac est amusant et fonctionnel. Et il a des poches !<\/p>\n<p class=\"translation-block\">\u2022 R\u00e9sistant \u00e0 l'eau et durable<br>\n\u2022 Tissu robuste avec support fusible pour plus de fermet\u00e9<br>\n\u2022 Passepoil en T pour une stabilit\u00e9 accrue<br>\n\u2022 Deux poign\u00e9es matelass\u00e9es<br>\n\u2022 Poche int\u00e9rieure pour les objets de valeur <br>\n\u2022 100 % polyester<br>\n\u2022 Poids du tissu : 305 g\/m\u00b2 (9 oz\/yd\u00b2)<br>\n\u2022 Capacit\u00e9 : 30 l (7,93 gallons)<\/p>\n<p>Ce produit est fabriqu\u00e9 sp\u00e9cialement pour toi d\u00e8s que  tu passes commande, c'est pourquoi il nous faut un peu plus de temps pour vous le livrer. Fabriquer des produits \u00e0 la demande plut\u00f4t qu'en gros aide \u00e0 r\u00e9duire la surproduction, alors merci de prendre des d\u00e9cisions d'achat r\u00e9fl\u00e9chies !<\/p>\n<p class=\"translation-block\">\u2022 Tra\u00e7abilit\u00e9 :<br>\n- Tissage \u2014 Chine<br>\n- Teinture \u2014 Chine<br>\n- Fabrication \u2014 Lettonie ou Mexique<br>\n\u2022 Contient 0 % de polyester recycl\u00e9<br>\n\u2022 Contient 0 % de substances dangereuses<br>\n\u2022 Cet article lib\u00e8re des microfibres de plastique dans l'environnement lors du lavage<\/p>\n<p>Restrictions d'\u00e2ge : Pour les adultes<br \/>\nGarantie UE : 2 ans<br \/>\nAutres informations de conformit\u00e9 : Conforme aux exigences d'inflammabilit\u00e9 et de teneur en plomb, cadmium, bisph\u00e9nols et phtalates.<\/p>\n<p class=\"translation-block\">Conform\u00e9ment au r\u00e8glement g\u00e9n\u00e9ral sur la s\u00e9curit\u00e9 des produits (RGPP), <b>Kosmistoria\u00ae<\/b> et <b>SINDEN VENTURES LIMITED<\/b> garantissent que tous les produits de consommation propos\u00e9s sont s\u00fbrs et conformes aux normes de l'UE. Pour toute question ou pr\u00e9occupation relative \u00e0 la s\u00e9curit\u00e9 des produits, veuillez contacter notre repr\u00e9sentant de l'UE \u00e0 l'adresse <b>gpsr@sindenventures.com<\/b>. Vous pouvez \u00e9galement nous \u00e9crire \u00e0 l'adresse <b>Dorfstrasse 3, 4303 St Pantaleon-Erla, Autriche<\/b> ou \u00e0 l'adresse <b>Markou Evgenikou 11, Mesa Geitonia, 4002, Limassol, Chypre.<b><\/b><\/b><\/p>","protected":false},"excerpt":{"rendered":"<p class=\"translation-block\">Rappelle-toi et rappelle aux autres qu'il y a toujours quelque chose \u00e0 c\u00e9l\u00e9brer. <strong>La vie aux couleurs de l'arc-en-ciel<\/strong> est incroyable !<\/p>","protected":false},"featured_media":3443,"comment_status":"open","ping_status":"closed","template":"","meta":[],"product_brand":[],"product_cat":[132],"product_tag":[],"class_list":{"0":"post-3381","1":"product","2":"type-product","3":"status-publish","4":"has-post-thumbnail","6":"product_cat-our-sport-bags","7":"col-md-6 col-sm-6","9":"first","10":"instock","11":"taxable","12":"shipping-taxable","13":"purchasable","14":"product-type-simple"},"aioseo_notices":[],"_links":{"self":[{"href":"https:\/\/kosmistoria.com\/fr\/wp-json\/wp\/v2\/product\/3381","targetHints":{"allow":["GET"]}}],"collection":[{"href":"https:\/\/kosmistoria.com\/fr\/wp-json\/wp\/v2\/product"}],"about":[{"href":"https:\/\/kosmistoria.com\/fr\/wp-json\/wp\/v2\/types\/product"}],"replies":[{"embeddable":true,"href":"https:\/\/kosmistoria.com\/fr\/wp-json\/wp\/v2\/comments?post=3381"}],"wp:featuredmedia":[{"embeddable":true,"href":"https:\/\/kosmistoria.com\/fr\/wp-json\/wp\/v2\/media\/3443"}],"wp:attachment":[{"href":"https:\/\/kosmistoria.com\/fr\/wp-json\/wp\/v2\/media?parent=3381"}],"wp:term":[{"taxonomy":"product_brand","embeddable":true,"href":"https:\/\/kosmistoria.com\/fr\/wp-json\/wp\/v2\/product_brand?post=3381"},{"taxonomy":"product_cat","embeddable":true,"href":"https:\/\/kosmistoria.com\/fr\/wp-json\/wp\/v2\/product_cat?post=3381"},{"taxonomy":"product_tag","embeddable":true,"href":"https:\/\/kosmistoria.com\/fr\/wp-json\/wp\/v2\/product_tag?post=3381"}],"curies":[{"name":"wp","href":"https:\/\/api.w.org\/{rel}","templated":true}]}}