{"id":3544,"date":"2025-02-09T12:45:43","date_gmt":"2025-02-09T11:45:43","guid":{"rendered":"https:\/\/kosmistoria.com\/product\/kosmistoria-unisex-tank-top-red-our-planet-earth\/"},"modified":"2025-02-15T00:40:39","modified_gmt":"2025-02-14T23:40:39","slug":"kosmistoria-unisex-tank-top-red-our-planet-earth","status":"publish","type":"product","link":"https:\/\/kosmistoria.com\/fr\/produit\/kosmistoria-unisex-tank-top-red-our-planet-earth\/","title":{"rendered":"Kosmistoria\u00ae \u2013 d\u00e9bardeur unisexe \u2013 rouge \u2013 Notre Plan\u00e8te Terre"},"content":{"rendered":"<h5>Kosmistoria\u00ae - D\u00e9bardeur unisexe - D\u00e9bardeur femme - D\u00e9bardeur homme -  rouge - 100% coton biologique - design unique - <a href=\"https:\/\/kosmistoria.com\/fr\/our-planet-earth\/\">Notre Plan\u00e8te Terre<\/a><\/h5>\n<p>Un d\u00e9bardeur classique et intemporel qui allie qualit\u00e9 et douceur, id\u00e9al pour toute personne recherchant un produit doux et de qualit\u00e9, en combinaison avec le partage d'un message au monde.<\/p>\n<p>\u2022 Taille: S-2XL<\/p>\n<p class=\"translation-block\">\u2022 100 % coton peign\u00e9 et fil\u00e9 \u00e0 l'anneau<br>\n\u2022 Les mod\u00e8les Triblend sont en 50 % polyester \/ 25 % coton peign\u00e9 \/25 % coton fil\u00e9 \u00e0 l'anneau\/rayonne<br>\n\u2022 Poids du tissu : 142.40 g\/m\u00b2 (4.2 oz\/yd\u00b2), triblends : 90.07 g\/m\u00b2 (3.8 oz\/yd\u00b2)<br>\n\u2022 Couture lat\u00e9rale<br>\n\u2022 Produit vierge provenant du Nicaragua, du Honduras ou des \u00c9tats-Unis<\/p>\n<p>Ce produit est fabriqu\u00e9 sp\u00e9cialement pour toi d\u00e8s que  tu passes commande, c'est pourquoi il nous faut un peu plus de temps pour vous le livrer. Fabriquer des produits \u00e0 la demande plut\u00f4t qu'en gros aide \u00e0 r\u00e9duire la surproduction, alors merci de prendre des d\u00e9cisions d'achat r\u00e9fl\u00e9chies !<\/p>\n<p>Restrictions d'\u00e2ge : Pour les adultes<br \/>\nGarantie UE : 2 ans<br \/>\nAutres informations de conformit\u00e9 : R\u00e9pond aux exigences de niveau d\u2019inflammabilit\u00e9.<\/p>\n<p class=\"translation-block\">Conform\u00e9ment au r\u00e8glement g\u00e9n\u00e9ral sur la s\u00e9curit\u00e9 des produits (RGPP), <b>Kosmistoria\u00ae<\/b> et <b>SINDEN VENTURES LIMITED<\/b> garantissent que tous les produits de consommation propos\u00e9s sont s\u00fbrs et conformes aux normes de l'UE. Pour toute question ou pr\u00e9occupation relative \u00e0 la s\u00e9curit\u00e9 des produits, veuillez contacter notre repr\u00e9sentant de l'UE \u00e0 l'adresse <b>gpsr@sindenventures.com<\/b>. Vous pouvez \u00e9galement nous \u00e9crire \u00e0 l'adresse <b>Dorfstrasse 3, 4303 St Pantaleon-Erla, Autriche<\/b> ou \u00e0 l'adresse <b>Markou Evgenikou 11, Mesa Geitonia, 4002, Limassol, Chypre.<b><\/b><\/b><\/p>","protected":false},"excerpt":{"rendered":"<h5><strong>Nos designs authentiques montrent des histoires de vie : nos histoires. L\u2019une d\u2019entre elles concerne notre plan\u00e8te.<\/strong><\/h5>\n<h5><strong>Choisis celui-ci si tu t\u2019y reconnais.<\/strong><\/h5>\n<h5><strong>Les gens autour peuvent \u00e9galement s'y identifier et se sentir connect\u00e9s \u00e0 toi.<\/strong><\/h5>","protected":false},"featured_media":3559,"comment_status":"open","ping_status":"closed","template":"","meta":[],"product_brand":[],"product_cat":[138],"product_tag":[],"class_list":{"0":"post-3544","1":"product","2":"type-product","3":"status-publish","4":"has-post-thumbnail","6":"product_cat-our-tank-tops","7":"col-md-6 col-sm-6","9":"first","10":"instock","11":"taxable","12":"shipping-taxable","13":"purchasable","14":"product-type-variable"},"aioseo_notices":[],"_links":{"self":[{"href":"https:\/\/kosmistoria.com\/fr\/wp-json\/wp\/v2\/product\/3544","targetHints":{"allow":["GET"]}}],"collection":[{"href":"https:\/\/kosmistoria.com\/fr\/wp-json\/wp\/v2\/product"}],"about":[{"href":"https:\/\/kosmistoria.com\/fr\/wp-json\/wp\/v2\/types\/product"}],"replies":[{"embeddable":true,"href":"https:\/\/kosmistoria.com\/fr\/wp-json\/wp\/v2\/comments?post=3544"}],"wp:featuredmedia":[{"embeddable":true,"href":"https:\/\/kosmistoria.com\/fr\/wp-json\/wp\/v2\/media\/3559"}],"wp:attachment":[{"href":"https:\/\/kosmistoria.com\/fr\/wp-json\/wp\/v2\/media?parent=3544"}],"wp:term":[{"taxonomy":"product_brand","embeddable":true,"href":"https:\/\/kosmistoria.com\/fr\/wp-json\/wp\/v2\/product_brand?post=3544"},{"taxonomy":"product_cat","embeddable":true,"href":"https:\/\/kosmistoria.com\/fr\/wp-json\/wp\/v2\/product_cat?post=3544"},{"taxonomy":"product_tag","embeddable":true,"href":"https:\/\/kosmistoria.com\/fr\/wp-json\/wp\/v2\/product_tag?post=3544"}],"curies":[{"name":"wp","href":"https:\/\/api.w.org\/{rel}","templated":true}]}}